{"id":7712,"date":"2025-05-28T12:01:03","date_gmt":"2025-05-28T10:01:03","guid":{"rendered":"https:\/\/formee.pl\/?page_id=7712"},"modified":"2025-08-28T12:11:59","modified_gmt":"2025-08-28T10:11:59","slug":"hormigon_de_arcilla_expandida","status":"publish","type":"page","link":"https:\/\/formee.es\/index.php\/hormigon_de_arcilla_expandida\/","title":{"rendered":"Hormig\u00f3n de arcilla expandida"},"content":{"rendered":"\t\t<div data-elementor-type=\"wp-page\" data-elementor-id=\"7712\" class=\"elementor elementor-7712\">\n\t\t\t\t\t\t<section class=\"elementor-section elementor-top-section elementor-element elementor-element-85df239 elementor-section-height-min-height elementor-section-boxed elementor-section-height-default elementor-section-items-middle\" data-id=\"85df239\" data-element_type=\"section\" data-settings=\"{&quot;background_background&quot;:&quot;classic&quot;}\">\n\t\t\t\t\t\t\t<div class=\"elementor-background-overlay\"><\/div>\n\t\t\t\t\t\t\t<div class=\"elementor-container elementor-column-gap-extended\">\n\t\t\t\t\t<div class=\"elementor-column elementor-col-100 elementor-top-column elementor-element elementor-element-2da19b4\" data-id=\"2da19b4\" data-element_type=\"column\">\n\t\t\t<div class=\"elementor-widget-wrap elementor-element-populated\">\n\t\t\t\t<div class=\"elementor-element elementor-element-5a0a35e e-flex e-con-boxed e-con e-parent\" data-id=\"5a0a35e\" data-element_type=\"container\">\n\t\t\t\t\t<div class=\"e-con-inner\">\n\t\t<div class=\"elementor-element elementor-element-1213379 e-flex e-con-boxed e-con e-child\" data-id=\"1213379\" data-element_type=\"container\">\n\t\t\t\t\t<div class=\"e-con-inner\">\n\t\t\t\t<div class=\"elementor-element elementor-element-0ccc6cd elementor-widget__width-initial elementor-widget elementor-widget-heading\" data-id=\"0ccc6cd\" data-element_type=\"widget\" data-widget_type=\"heading.default\">\n\t\t\t\t<div class=\"elementor-widget-container\">\n\t\t\t\t\t<h1 class=\"elementor-heading-title elementor-size-default\"><b>Hormig\u00f3n de arcilla<br> expandida<\/b> \u2013 \u00bfqu\u00e9 es?<\/h1>\t\t\t\t<\/div>\n\t\t\t\t<\/div>\n\t\t<div class=\"elementor-element elementor-element-5e98ae8 e-flex e-con-boxed e-con e-child\" data-id=\"5e98ae8\" data-element_type=\"container\">\n\t\t\t\t\t<div class=\"e-con-inner\">\n\t\t\t\t<div class=\"elementor-element elementor-element-e4e3d16 elementor-widget elementor-widget-button\" data-id=\"e4e3d16\" data-element_type=\"widget\" data-widget_type=\"button.default\">\n\t\t\t\t<div class=\"elementor-widget-container\">\n\t\t\t\t\t\t\t\t\t<div class=\"elementor-button-wrapper\">\n\t\t\t\t\t<a class=\"elementor-button elementor-button-link elementor-size-sm\" href=\"tel:+34%20613%2029%2093%2014\">\n\t\t\t\t\t\t<span class=\"elementor-button-content-wrapper\">\n\t\t\t\t\t\t<span class=\"elementor-button-icon\">\n\t\t\t\t<svg aria-hidden=\"true\" class=\"e-font-icon-svg e-fab-rocketchat\" viewBox=\"0 0 576 512\" xmlns=\"http:\/\/www.w3.org\/2000\/svg\"><path d=\"M284.046,224.8a34.114,34.114,0,1,0,34.317,34.113A34.217,34.217,0,0,0,284.046,224.8Zm-110.45,0a34.114,34.114,0,1,0,34.317,34.113A34.217,34.217,0,0,0,173.6,224.8Zm220.923,0a34.114,34.114,0,1,0,34.317,34.113A34.215,34.215,0,0,0,394.519,224.8Zm153.807-55.319c-15.535-24.172-37.31-45.57-64.681-63.618-52.886-34.817-122.374-54-195.666-54a405.975,405.975,0,0,0-72.032,6.357,238.524,238.524,0,0,0-49.51-36.588C99.684-11.7,40.859.711,11.135,11.421A14.291,14.291,0,0,0,5.58,34.782C26.542,56.458,61.222,99.3,52.7,138.252c-33.142,33.9-51.112,74.776-51.112,117.337,0,43.372,17.97,84.248,51.112,118.148,8.526,38.956-26.154,81.816-47.116,103.491a14.284,14.284,0,0,0,5.555,23.34c29.724,10.709,88.549,23.147,155.324-10.2a238.679,238.679,0,0,0,49.51-36.589A405.972,405.972,0,0,0,288,460.14c73.313,0,142.8-19.159,195.667-53.975,27.371-18.049,49.145-39.426,64.679-63.619,17.309-26.923,26.07-55.916,26.07-86.125C574.394,225.4,565.634,196.43,548.326,169.485ZM284.987,409.9a345.65,345.65,0,0,1-89.446-11.5l-20.129,19.393a184.366,184.366,0,0,1-37.138,27.585,145.767,145.767,0,0,1-52.522,14.87c.983-1.771,1.881-3.563,2.842-5.356q30.258-55.68,16.325-100.078c-32.992-25.962-52.778-59.2-52.778-95.4,0-83.1,104.254-150.469,232.846-150.469s232.867,67.373,232.867,150.469C517.854,342.525,413.6,409.9,284.987,409.9Z\"><\/path><\/svg>\t\t\t<\/span>\n\t\t\t\t\t\t\t\t\t<span class=\"elementor-button-text\">+34 613 29 93 14\u00a0<\/span>\n\t\t\t\t\t<\/span>\n\t\t\t\t\t<\/a>\n\t\t\t\t<\/div>\n\t\t\t\t\t\t\t\t<\/div>\n\t\t\t\t<\/div>\n\t\t\t\t\t<\/div>\n\t\t\t\t<\/div>\n\t\t\t\t\t<\/div>\n\t\t\t\t<\/div>\n\t\t\t\t\t<\/div>\n\t\t\t\t<\/div>\n\t\t\t\t\t<\/div>\n\t\t<\/div>\n\t\t\t\t\t<\/div>\n\t\t<\/section>\n\t\t<div class=\"elementor-element elementor-element-acf31e3 e-flex e-con-boxed e-con e-parent\" data-id=\"acf31e3\" data-element_type=\"container\">\n\t\t\t\t\t<div class=\"e-con-inner\">\n\t\t<div class=\"elementor-element elementor-element-2daf521 e-con-full e-flex e-con e-child\" data-id=\"2daf521\" data-element_type=\"container\">\n\t\t<div class=\"elementor-element elementor-element-11ec292 e-con-full e-flex e-con e-child\" data-id=\"11ec292\" data-element_type=\"container\">\n\t\t\t\t<div class=\"elementor-element elementor-element-193cc10 elementor-widget elementor-widget-heading\" data-id=\"193cc10\" data-element_type=\"widget\" data-widget_type=\"heading.default\">\n\t\t\t\t<div class=\"elementor-widget-container\">\n\t\t\t\t\t<p class=\"elementor-heading-title elementor-size-default\"><b>Historia<\/b><br>de la Arcilla Expandida<\/p>\t\t\t\t<\/div>\n\t\t\t\t<\/div>\n\t\t\t\t<\/div>\n\t\t<div class=\"elementor-element elementor-element-da1f8bc e-con-full e-flex e-con e-child\" data-id=\"da1f8bc\" data-element_type=\"container\">\n\t\t<div class=\"elementor-element elementor-element-d7e0525 e-con-full e-flex e-con e-child\" data-id=\"d7e0525\" data-element_type=\"container\">\n\t\t\t\t<div class=\"elementor-element elementor-element-ec12c76 elementor-hidden-mobile elementor-widget elementor-widget-image\" data-id=\"ec12c76\" data-element_type=\"widget\" data-widget_type=\"image.default\">\n\t\t\t\t<div class=\"elementor-widget-container\">\n\t\t\t\t\t\t\t\t\t\t\t\t\t\t\t<img decoding=\"async\" src=\"https:\/\/formee.pl\/wp-content\/uploads\/2023\/04\/dalej.png\" title=\"\" alt=\"\" loading=\"lazy\" \/>\t\t\t\t\t\t\t\t\t\t\t\t\t\t\t<\/div>\n\t\t\t\t<\/div>\n\t\t\t\t<\/div>\n\t\t<div class=\"elementor-element elementor-element-fbd6a6a e-flex e-con-boxed e-con e-child\" data-id=\"fbd6a6a\" data-element_type=\"container\">\n\t\t\t\t\t<div class=\"e-con-inner\">\n\t\t\t\t<div class=\"elementor-element elementor-element-9655c94 elementor-widget elementor-widget-text-editor\" data-id=\"9655c94\" data-element_type=\"widget\" data-widget_type=\"text-editor.default\">\n\t\t\t\t<div class=\"elementor-widget-container\">\n\t\t\t\t\t\t\t\t\t<p>El componente principal del hormig\u00f3n de arcilla expandida es la arcilla expandida. Su historia se remonta a 1913, cuando, debido a un fallo del horno con temperatura excesiva en una f\u00e1brica de ladrillos de Hayde en Estados Unidos, se descubri\u00f3 accidentalmente un \u00e1rido cer\u00e1mico ligero. El propietario patent\u00f3 de inmediato este \u00e1rido, y su producci\u00f3n comenz\u00f3 en 1917. Se lo llam\u00f3 haydite, en honor a su descubridor. Se utilizaba para producir hormig\u00f3n ligero y elementos de construcci\u00f3n de peque\u00f1o formato.<\/p>\t\t\t\t\t\t\t\t<\/div>\n\t\t\t\t<\/div>\n\t\t\t\t<div class=\"elementor-element elementor-element-58e93b5 elementor-widget elementor-widget-text-editor\" data-id=\"58e93b5\" data-element_type=\"widget\" data-widget_type=\"text-editor.default\">\n\t\t\t\t<div class=\"elementor-widget-container\">\n\t\t\t\t\t\t\t\t\t<p>Hasta 1939, se establecieron plantas de producci\u00f3n de haydite en Canad\u00e1, Suecia, Noruega y Dinamarca, en respuesta a la creciente demanda de materiales de construcci\u00f3n. Tras la guerra, debido a sus propiedades f\u00edsicas, la demanda aument\u00f3 a\u00fan m\u00e1s, lo que llev\u00f3 a la creaci\u00f3n de f\u00e1bricas de arcilla expandida en todo el mundo. Este \u00e1rido encontr\u00f3 m\u00faltiples aplicaciones en la construcci\u00f3n, la geotecnia, la jardiner\u00eda y la protecci\u00f3n del medio ambiente. En los pa\u00edses occidentales se adopt\u00f3 el nombre LECA, acr\u00f3nimo de Lightweight Expanded Clay Aggregate (\u00e1rido ligero de arcilla expandida). En Polonia, inicialmente se le llam\u00f3 gliniec (por su origen arcilloso), y m\u00e1s tarde keramzyt, inspirado en el t\u00e9rmino griego keramos, que significa arcilla de alfarero.<\/p>\t\t\t\t\t\t\t\t<\/div>\n\t\t\t\t<\/div>\n\t\t\t\t\t<\/div>\n\t\t\t\t<\/div>\n\t\t\t\t<\/div>\n\t\t\t\t<\/div>\n\t\t\t\t\t<\/div>\n\t\t\t\t<\/div>\n\t\t<div class=\"elementor-element elementor-element-852b791 e-con-full e-flex e-con e-parent\" data-id=\"852b791\" data-element_type=\"container\" data-settings=\"{&quot;background_background&quot;:&quot;classic&quot;}\">\n\t\t<div class=\"elementor-element elementor-element-1807950 e-con-full e-flex e-con e-child\" data-id=\"1807950\" data-element_type=\"container\">\n\t\t<div class=\"elementor-element elementor-element-5ad01df e-con-full e-flex e-con e-child\" data-id=\"5ad01df\" data-element_type=\"container\">\n\t\t<div class=\"elementor-element elementor-element-347c0bf e-con-full e-flex e-con e-child\" data-id=\"347c0bf\" data-element_type=\"container\">\n\t\t\t\t<div class=\"elementor-element elementor-element-e426553 elementor-widget elementor-widget-heading\" data-id=\"e426553\" data-element_type=\"widget\" data-widget_type=\"heading.default\">\n\t\t\t\t<div class=\"elementor-widget-container\">\n\t\t\t\t\t<h2 class=\"elementor-heading-title elementor-size-default\"><b>Hormig\u00f3n de <\/b>Arcilla Expandida<\/b>\n<\/h2>\t\t\t\t<\/div>\n\t\t\t\t<\/div>\n\t\t\t\t<\/div>\n\t\t<div class=\"elementor-element elementor-element-3075f2a e-con-full e-flex e-con e-child\" data-id=\"3075f2a\" data-element_type=\"container\">\n\t\t<div class=\"elementor-element elementor-element-c9f0bf5 e-con-full e-flex e-con e-child\" data-id=\"c9f0bf5\" data-element_type=\"container\">\n\t\t\t\t<div class=\"elementor-element elementor-element-ab4692a elementor-hidden-mobile elementor-widget elementor-widget-image\" data-id=\"ab4692a\" data-element_type=\"widget\" data-widget_type=\"image.default\">\n\t\t\t\t<div class=\"elementor-widget-container\">\n\t\t\t\t\t\t\t\t\t\t\t\t\t\t\t<img decoding=\"async\" src=\"https:\/\/formee.pl\/wp-content\/uploads\/2023\/04\/dalej.png\" title=\"\" alt=\"\" loading=\"lazy\" \/>\t\t\t\t\t\t\t\t\t\t\t\t\t\t\t<\/div>\n\t\t\t\t<\/div>\n\t\t\t\t<\/div>\n\t\t<div class=\"elementor-element elementor-element-ee6f691 e-flex e-con-boxed e-con e-child\" data-id=\"ee6f691\" data-element_type=\"container\">\n\t\t\t\t\t<div class=\"e-con-inner\">\n\t\t\t\t<div class=\"elementor-element elementor-element-79b805d elementor-widget elementor-widget-text-editor\" data-id=\"79b805d\" data-element_type=\"widget\" data-widget_type=\"text-editor.default\">\n\t\t\t\t<div class=\"elementor-widget-container\">\n\t\t\t\t\t\t\t\t\t<p>El hormig\u00f3n de arcilla expandida es un material de construcci\u00f3n basado en una mezcla de hormig\u00f3n sostenible enriquecida con arcilla expandida. La arcilla expandida se obtiene mediante la cocci\u00f3n de arcilla arcillosa en hornos rotatorios a temperaturas que alcanzan hasta los 1200\u202f\u00b0C, lo que le confiere una estructura porosa y ligereza.<\/p><p>Esta estructura porosa espec\u00edfica proporciona a la arcilla expandida excelentes propiedades aislantes, tanto t\u00e9rmicas\u2014evitando la p\u00e9rdida de calor\u2014como ac\u00fasticas, al reducir los ruidos del entorno. Adem\u00e1s, el proceso de cocci\u00f3n elimina todos los compuestos org\u00e1nicos, lo que hace que la arcilla expandida sea resistente al moho y los hongos, aumentando as\u00ed la durabilidad de las construcciones.<\/p><p>El hormig\u00f3n de arcilla expandida ofrece numerosas ventajas, como un excelente coeficiente de transmisi\u00f3n t\u00e9rmica bajo, aislamiento ac\u00fastico, resistencia al fuego y a agentes biol\u00f3gicos. Es un material que no solo cumple con estrictos est\u00e1ndares de resistencia y seguridad, sino que tambi\u00e9n contribuye a una construcci\u00f3n ecol\u00f3gica gracias al uso de materias primas naturales y procesos de producci\u00f3n que reducen la huella de carbono.<\/p><p>Como resultado, el hormig\u00f3n de arcilla expandida es una opci\u00f3n destacada para proyectos de construcci\u00f3n en los que la durabilidad, la eficiencia energ\u00e9tica y el confort ac\u00fastico son fundamentales. Gracias a sus propiedades \u00fanicas, este material se convierte en un componente clave de la arquitectura y construcci\u00f3n moderna y sostenible.<\/p>\t\t\t\t\t\t\t\t<\/div>\n\t\t\t\t<\/div>\n\t\t\t\t\t<\/div>\n\t\t\t\t<\/div>\n\t\t\t\t<\/div>\n\t\t\t\t<\/div>\n\t\t\t\t<\/div>\n\t\t\t\t<\/div>\n\t\t<div class=\"elementor-element elementor-element-12126fa e-con-full e-flex e-con e-parent\" data-id=\"12126fa\" data-element_type=\"container\">\n\t\t<div class=\"elementor-element elementor-element-f473f18 e-con-full e-flex e-con e-child\" data-id=\"f473f18\" data-element_type=\"container\">\n\t\t<div class=\"elementor-element elementor-element-127747e e-con-full e-flex e-con e-child\" data-id=\"127747e\" data-element_type=\"container\">\n\t\t\t\t<div class=\"elementor-element elementor-element-80f00c1 elementor-widget__width-initial elementor-widget elementor-widget-heading\" data-id=\"80f00c1\" data-element_type=\"widget\" data-widget_type=\"heading.default\">\n\t\t\t\t<div class=\"elementor-widget-container\">\n\t\t\t\t\t<h2 class=\"elementor-heading-title elementor-size-default\"><b>Ventajas del Hormig\u00f3n de Arcilla Expandida<\/b>\n<\/h2>\t\t\t\t<\/div>\n\t\t\t\t<\/div>\n\t\t\t\t<\/div>\n\t\t<div class=\"elementor-element elementor-element-7799826 e-con-full e-flex e-con e-child\" data-id=\"7799826\" data-element_type=\"container\">\n\t\t<div class=\"elementor-element elementor-element-7ba07cb e-con-full e-flex e-con e-child\" data-id=\"7ba07cb\" data-element_type=\"container\">\n\t\t\t\t<div class=\"elementor-element elementor-element-4afc4a8 elementor-hidden-mobile elementor-widget elementor-widget-image\" data-id=\"4afc4a8\" data-element_type=\"widget\" data-widget_type=\"image.default\">\n\t\t\t\t<div class=\"elementor-widget-container\">\n\t\t\t\t\t\t\t\t\t\t\t\t\t\t\t<img decoding=\"async\" src=\"https:\/\/formee.pl\/wp-content\/uploads\/2023\/04\/dalej.png\" title=\"\" alt=\"\" loading=\"lazy\" \/>\t\t\t\t\t\t\t\t\t\t\t\t\t\t\t<\/div>\n\t\t\t\t<\/div>\n\t\t\t\t<\/div>\n\t\t<div class=\"elementor-element elementor-element-ee6d65b e-flex e-con-boxed e-con e-child\" data-id=\"ee6d65b\" data-element_type=\"container\">\n\t\t\t\t\t<div class=\"e-con-inner\">\n\t\t\t\t<div class=\"elementor-element elementor-element-1e31550 elementor-widget__width-initial elementor-widget elementor-widget-text-editor\" data-id=\"1e31550\" data-element_type=\"widget\" data-widget_type=\"text-editor.default\">\n\t\t\t\t<div class=\"elementor-widget-container\">\n\t\t\t\t\t\t\t\t\t<p>El hormig\u00f3n de arcilla expandida es una mezcla de hormig\u00f3n innovadora con \u00e1rido de arcilla expandida. Gracias a ello, es un material ligero (1200\u20131800 kg\/m\u00b3) que ofrece un excelente aislamiento t\u00e9rmico y ac\u00fastico. Adem\u00e1s, presenta una alta resistencia al fuego y es resistente al moho, los hongos, las plagas (roedores e insectos) y la humedad. Esta \u00faltima caracter\u00edstica lo convierte en una opci\u00f3n especialmente recomendable para personas con alergias o enfermedades respiratorias. Las viviendas construidas con este material ofrecen no solo durabilidad y eficiencia energ\u00e9tica, sino tambi\u00e9n un entorno de vida saludable y confortable.<\/p><p>Las propiedades de la arcilla expandida permiten una gran capacidad de acumulaci\u00f3n t\u00e9rmica, lo que garantiza un confort t\u00e9rmico \u00f3ptimo durante todo el a\u00f1o: la casa permanece fresca en verano y no se enfr\u00eda en exceso en invierno.<\/p><p>Otras ventajas del hormig\u00f3n de arcilla expandida incluyen:<\/p><ul><li>Permeabilidad al vapor<\/li><li>Alta resistencia a la compresi\u00f3n<\/li><li>Bajo coeficiente de transmisi\u00f3n t\u00e9rmica<\/li><li>Resistencia a las heladas<\/li><li>F\u00e1cil manipulaci\u00f3n mec\u00e1nica (por ejemplo, corte a medida)<\/li><\/ul>\t\t\t\t\t\t\t\t<\/div>\n\t\t\t\t<\/div>\n\t\t\t\t\t<\/div>\n\t\t\t\t<\/div>\n\t\t\t\t<\/div>\n\t\t\t\t<\/div>\n\t\t\t\t<\/div>\n\t\t\t\t<\/div>\n\t\t","protected":false},"excerpt":{"rendered":"<p>Hormig\u00f3n de arcilla expandida \u2013 \u00bfqu\u00e9 es? +34 613 29 93 14\u00a0 Historiade la Arcilla Expandida El componente principal del hormig\u00f3n de arcilla expandida es la arcilla expandida. Su historia se remonta a 1913, cuando, debido a un fallo del horno con temperatura excesiva en una f\u00e1brica de ladrillos de Hayde en Estados Unidos, se [&hellip;]<\/p>\n","protected":false},"author":1,"featured_media":0,"parent":0,"menu_order":0,"comment_status":"closed","ping_status":"closed","template":"elementor_header_footer","meta":{"footnotes":""},"class_list":["post-7712","page","type-page","status-publish","hentry"],"yoast_head":"<!-- This site is optimized with the Yoast SEO plugin v25.8 - https:\/\/yoast.com\/wordpress\/plugins\/seo\/ -->\n<title>Hormig\u00f3n de arcilla expandida<\/title>\n<meta name=\"description\" content=\"Keramzytobeton to innowacyjna mieszanka betonowa z kruszywem keramzytowym. Jest lekki oraz posiada doskona\u0142\u0105 izolacj\u0105 termiczn\u0105 i akustyczn\u0105.\" \/>\n<meta name=\"robots\" content=\"index, follow, max-snippet:-1, max-image-preview:large, max-video-preview:-1\" \/>\n<link rel=\"canonical\" href=\"https:\/\/formee.es\/index.php\/hormigon_de_arcilla_expandida\/\" \/>\n<meta property=\"og:locale\" content=\"pl_PL\" \/>\n<meta property=\"og:type\" content=\"article\" \/>\n<meta property=\"og:title\" content=\"Hormig\u00f3n de arcilla expandida\" \/>\n<meta property=\"og:description\" content=\"Keramzytobeton to innowacyjna mieszanka betonowa z kruszywem keramzytowym. Jest lekki oraz posiada doskona\u0142\u0105 izolacj\u0105 termiczn\u0105 i akustyczn\u0105.\" \/>\n<meta property=\"og:url\" content=\"https:\/\/formee.es\/index.php\/hormigon_de_arcilla_expandida\/\" \/>\n<meta property=\"og:site_name\" content=\"Formee\" \/>\n<meta property=\"article:modified_time\" content=\"2025-08-28T10:11:59+00:00\" \/>\n<meta property=\"og:image\" content=\"https:\/\/formee.pl\/wp-content\/uploads\/2023\/04\/dalej.png\" \/>\n<meta name=\"twitter:card\" content=\"summary_large_image\" \/>\n<meta name=\"twitter:label1\" content=\"Szacowany czas czytania\" \/>\n\t<meta name=\"twitter:data1\" content=\"5 minut\" \/>\n<script type=\"application\/ld+json\" class=\"yoast-schema-graph\">{\"@context\":\"https:\/\/schema.org\",\"@graph\":[{\"@type\":\"WebPage\",\"@id\":\"https:\/\/formee.es\/index.php\/hormigon_de_arcilla_expandida\/\",\"url\":\"https:\/\/formee.es\/index.php\/hormigon_de_arcilla_expandida\/\",\"name\":\"Hormig\u00f3n de arcilla expandida\",\"isPartOf\":{\"@id\":\"https:\/\/formee.es\/#website\"},\"primaryImageOfPage\":{\"@id\":\"https:\/\/formee.es\/index.php\/hormigon_de_arcilla_expandida\/#primaryimage\"},\"image\":{\"@id\":\"https:\/\/formee.es\/index.php\/hormigon_de_arcilla_expandida\/#primaryimage\"},\"thumbnailUrl\":\"https:\/\/formee.pl\/wp-content\/uploads\/2023\/04\/dalej.png\",\"datePublished\":\"2025-05-28T10:01:03+00:00\",\"dateModified\":\"2025-08-28T10:11:59+00:00\",\"description\":\"Keramzytobeton to innowacyjna mieszanka betonowa z kruszywem keramzytowym. Jest lekki oraz posiada doskona\u0142\u0105 izolacj\u0105 termiczn\u0105 i akustyczn\u0105.\",\"breadcrumb\":{\"@id\":\"https:\/\/formee.es\/index.php\/hormigon_de_arcilla_expandida\/#breadcrumb\"},\"inLanguage\":\"pl-PL\",\"potentialAction\":[{\"@type\":\"ReadAction\",\"target\":[\"https:\/\/formee.es\/index.php\/hormigon_de_arcilla_expandida\/\"]}]},{\"@type\":\"ImageObject\",\"inLanguage\":\"pl-PL\",\"@id\":\"https:\/\/formee.es\/index.php\/hormigon_de_arcilla_expandida\/#primaryimage\",\"url\":\"https:\/\/formee.pl\/wp-content\/uploads\/2023\/04\/dalej.png\",\"contentUrl\":\"https:\/\/formee.pl\/wp-content\/uploads\/2023\/04\/dalej.png\"},{\"@type\":\"BreadcrumbList\",\"@id\":\"https:\/\/formee.es\/index.php\/hormigon_de_arcilla_expandida\/#breadcrumb\",\"itemListElement\":[{\"@type\":\"ListItem\",\"position\":1,\"name\":\"Strona g\u0142\u00f3wna\",\"item\":\"https:\/\/formee.es\/\"},{\"@type\":\"ListItem\",\"position\":2,\"name\":\"Hormig\u00f3n de arcilla expandida\"}]},{\"@type\":\"WebSite\",\"@id\":\"https:\/\/formee.es\/#website\",\"url\":\"https:\/\/formee.es\/\",\"name\":\"Formee\",\"description\":\"\",\"publisher\":{\"@id\":\"https:\/\/formee.es\/#organization\"},\"potentialAction\":[{\"@type\":\"SearchAction\",\"target\":{\"@type\":\"EntryPoint\",\"urlTemplate\":\"https:\/\/formee.es\/?s={search_term_string}\"},\"query-input\":{\"@type\":\"PropertyValueSpecification\",\"valueRequired\":true,\"valueName\":\"search_term_string\"}}],\"inLanguage\":\"pl-PL\"},{\"@type\":\"Organization\",\"@id\":\"https:\/\/formee.es\/#organization\",\"name\":\"Formee\",\"url\":\"https:\/\/formee.es\/\",\"logo\":{\"@type\":\"ImageObject\",\"inLanguage\":\"pl-PL\",\"@id\":\"https:\/\/formee.es\/#\/schema\/logo\/image\/\",\"url\":\"https:\/\/formee.es\/wp-content\/uploads\/2025\/05\/FORMEE_LOGOTYPE_RGB_FORMEE_signet.png\",\"contentUrl\":\"https:\/\/formee.es\/wp-content\/uploads\/2025\/05\/FORMEE_LOGOTYPE_RGB_FORMEE_signet.png\",\"width\":1178,\"height\":1156,\"caption\":\"Formee\"},\"image\":{\"@id\":\"https:\/\/formee.es\/#\/schema\/logo\/image\/\"}}]}<\/script>\n<!-- \/ Yoast SEO plugin. -->","yoast_head_json":{"title":"Hormig\u00f3n de arcilla expandida","description":"Keramzytobeton to innowacyjna mieszanka betonowa z kruszywem keramzytowym. Jest lekki oraz posiada doskona\u0142\u0105 izolacj\u0105 termiczn\u0105 i akustyczn\u0105.","robots":{"index":"index","follow":"follow","max-snippet":"max-snippet:-1","max-image-preview":"max-image-preview:large","max-video-preview":"max-video-preview:-1"},"canonical":"https:\/\/formee.es\/index.php\/hormigon_de_arcilla_expandida\/","og_locale":"pl_PL","og_type":"article","og_title":"Hormig\u00f3n de arcilla expandida","og_description":"Keramzytobeton to innowacyjna mieszanka betonowa z kruszywem keramzytowym. Jest lekki oraz posiada doskona\u0142\u0105 izolacj\u0105 termiczn\u0105 i akustyczn\u0105.","og_url":"https:\/\/formee.es\/index.php\/hormigon_de_arcilla_expandida\/","og_site_name":"Formee","article_modified_time":"2025-08-28T10:11:59+00:00","og_image":[{"url":"https:\/\/formee.pl\/wp-content\/uploads\/2023\/04\/dalej.png","type":"","width":"","height":""}],"twitter_card":"summary_large_image","twitter_misc":{"Szacowany czas czytania":"5 minut"},"schema":{"@context":"https:\/\/schema.org","@graph":[{"@type":"WebPage","@id":"https:\/\/formee.es\/index.php\/hormigon_de_arcilla_expandida\/","url":"https:\/\/formee.es\/index.php\/hormigon_de_arcilla_expandida\/","name":"Hormig\u00f3n de arcilla expandida","isPartOf":{"@id":"https:\/\/formee.es\/#website"},"primaryImageOfPage":{"@id":"https:\/\/formee.es\/index.php\/hormigon_de_arcilla_expandida\/#primaryimage"},"image":{"@id":"https:\/\/formee.es\/index.php\/hormigon_de_arcilla_expandida\/#primaryimage"},"thumbnailUrl":"https:\/\/formee.pl\/wp-content\/uploads\/2023\/04\/dalej.png","datePublished":"2025-05-28T10:01:03+00:00","dateModified":"2025-08-28T10:11:59+00:00","description":"Keramzytobeton to innowacyjna mieszanka betonowa z kruszywem keramzytowym. Jest lekki oraz posiada doskona\u0142\u0105 izolacj\u0105 termiczn\u0105 i akustyczn\u0105.","breadcrumb":{"@id":"https:\/\/formee.es\/index.php\/hormigon_de_arcilla_expandida\/#breadcrumb"},"inLanguage":"pl-PL","potentialAction":[{"@type":"ReadAction","target":["https:\/\/formee.es\/index.php\/hormigon_de_arcilla_expandida\/"]}]},{"@type":"ImageObject","inLanguage":"pl-PL","@id":"https:\/\/formee.es\/index.php\/hormigon_de_arcilla_expandida\/#primaryimage","url":"https:\/\/formee.pl\/wp-content\/uploads\/2023\/04\/dalej.png","contentUrl":"https:\/\/formee.pl\/wp-content\/uploads\/2023\/04\/dalej.png"},{"@type":"BreadcrumbList","@id":"https:\/\/formee.es\/index.php\/hormigon_de_arcilla_expandida\/#breadcrumb","itemListElement":[{"@type":"ListItem","position":1,"name":"Strona g\u0142\u00f3wna","item":"https:\/\/formee.es\/"},{"@type":"ListItem","position":2,"name":"Hormig\u00f3n de arcilla expandida"}]},{"@type":"WebSite","@id":"https:\/\/formee.es\/#website","url":"https:\/\/formee.es\/","name":"Formee","description":"","publisher":{"@id":"https:\/\/formee.es\/#organization"},"potentialAction":[{"@type":"SearchAction","target":{"@type":"EntryPoint","urlTemplate":"https:\/\/formee.es\/?s={search_term_string}"},"query-input":{"@type":"PropertyValueSpecification","valueRequired":true,"valueName":"search_term_string"}}],"inLanguage":"pl-PL"},{"@type":"Organization","@id":"https:\/\/formee.es\/#organization","name":"Formee","url":"https:\/\/formee.es\/","logo":{"@type":"ImageObject","inLanguage":"pl-PL","@id":"https:\/\/formee.es\/#\/schema\/logo\/image\/","url":"https:\/\/formee.es\/wp-content\/uploads\/2025\/05\/FORMEE_LOGOTYPE_RGB_FORMEE_signet.png","contentUrl":"https:\/\/formee.es\/wp-content\/uploads\/2025\/05\/FORMEE_LOGOTYPE_RGB_FORMEE_signet.png","width":1178,"height":1156,"caption":"Formee"},"image":{"@id":"https:\/\/formee.es\/#\/schema\/logo\/image\/"}}]}},"_links":{"self":[{"href":"https:\/\/formee.es\/index.php\/wp-json\/wp\/v2\/pages\/7712","targetHints":{"allow":["GET"]}}],"collection":[{"href":"https:\/\/formee.es\/index.php\/wp-json\/wp\/v2\/pages"}],"about":[{"href":"https:\/\/formee.es\/index.php\/wp-json\/wp\/v2\/types\/page"}],"author":[{"embeddable":true,"href":"https:\/\/formee.es\/index.php\/wp-json\/wp\/v2\/users\/1"}],"replies":[{"embeddable":true,"href":"https:\/\/formee.es\/index.php\/wp-json\/wp\/v2\/comments?post=7712"}],"version-history":[{"count":73,"href":"https:\/\/formee.es\/index.php\/wp-json\/wp\/v2\/pages\/7712\/revisions"}],"predecessor-version":[{"id":8505,"href":"https:\/\/formee.es\/index.php\/wp-json\/wp\/v2\/pages\/7712\/revisions\/8505"}],"wp:attachment":[{"href":"https:\/\/formee.es\/index.php\/wp-json\/wp\/v2\/media?parent=7712"}],"curies":[{"name":"wp","href":"https:\/\/api.w.org\/{rel}","templated":true}]}}