{"id":7919,"date":"2025-06-02T07:34:27","date_gmt":"2025-06-02T05:34:27","guid":{"rendered":"https:\/\/formee.es\/?page_id=7919"},"modified":"2025-08-28T11:36:37","modified_gmt":"2025-08-28T09:36:37","slug":"contacto","status":"publish","type":"page","link":"https:\/\/formee.es\/index.php\/contacto\/","title":{"rendered":"CONTACTO"},"content":{"rendered":"\t\t<div data-elementor-type=\"wp-page\" data-elementor-id=\"7919\" class=\"elementor elementor-7919\">\n\t\t\t\t\t\t<section class=\"elementor-section elementor-top-section elementor-element elementor-element-2e70e13b elementor-section-height-min-height elementor-reverse-tablet elementor-reverse-mobile background elementor-section-boxed elementor-section-height-default elementor-section-items-middle\" data-id=\"2e70e13b\" data-element_type=\"section\" data-settings=\"{&quot;background_background&quot;:&quot;classic&quot;}\">\n\t\t\t\t\t\t\t<div class=\"elementor-background-overlay\"><\/div>\n\t\t\t\t\t\t\t<div class=\"elementor-container elementor-column-gap-extended\">\n\t\t\t\t\t<div class=\"elementor-column elementor-col-100 elementor-top-column elementor-element elementor-element-796b9cbd\" data-id=\"796b9cbd\" data-element_type=\"column\" data-settings=\"{&quot;background_background&quot;:&quot;classic&quot;}\">\n\t\t\t<div class=\"elementor-widget-wrap elementor-element-populated\">\n\t\t\t\t<div class=\"elementor-element elementor-element-303ef344 e-flex e-con-boxed e-con e-parent\" data-id=\"303ef344\" data-element_type=\"container\">\n\t\t\t\t\t<div class=\"e-con-inner\">\n\t\t<div class=\"elementor-element elementor-element-5e447c04 e-flex e-con-boxed e-con e-child\" data-id=\"5e447c04\" data-element_type=\"container\">\n\t\t\t\t\t<div class=\"e-con-inner\">\n\t\t<div class=\"elementor-element elementor-element-31f40f23 e-flex e-con-boxed e-con e-child\" data-id=\"31f40f23\" data-element_type=\"container\">\n\t\t\t\t\t<div class=\"e-con-inner\">\n\t\t\t\t<div class=\"elementor-element elementor-element-1130d296 elementor-widget elementor-widget-heading\" data-id=\"1130d296\" data-element_type=\"widget\" data-widget_type=\"heading.default\">\n\t\t\t\t<div class=\"elementor-widget-container\">\n\t\t\t\t\t<h1 class=\"elementor-heading-title elementor-size-default\"><b>Cont\u00e1ctanos<\/b><\/h1>\t\t\t\t<\/div>\n\t\t\t\t<\/div>\n\t\t<div class=\"elementor-element elementor-element-2b61e90c e-flex e-con-boxed e-con e-child\" data-id=\"2b61e90c\" data-element_type=\"container\">\n\t\t\t\t\t<div class=\"e-con-inner\">\n\t\t\t\t<div class=\"elementor-element elementor-element-1d984e5a elementor-widget elementor-widget-button\" data-id=\"1d984e5a\" data-element_type=\"widget\" data-widget_type=\"button.default\">\n\t\t\t\t<div class=\"elementor-widget-container\">\n\t\t\t\t\t\t\t\t\t<div class=\"elementor-button-wrapper\">\n\t\t\t\t\t<a class=\"elementor-button elementor-button-link elementor-size-sm\" href=\"tel:+34%20613%2029%2093%2014\u00a0\">\n\t\t\t\t\t\t<span class=\"elementor-button-content-wrapper\">\n\t\t\t\t\t\t<span class=\"elementor-button-icon\">\n\t\t\t\t<svg aria-hidden=\"true\" class=\"e-font-icon-svg e-fab-rocketchat\" viewBox=\"0 0 576 512\" xmlns=\"http:\/\/www.w3.org\/2000\/svg\"><path d=\"M284.046,224.8a34.114,34.114,0,1,0,34.317,34.113A34.217,34.217,0,0,0,284.046,224.8Zm-110.45,0a34.114,34.114,0,1,0,34.317,34.113A34.217,34.217,0,0,0,173.6,224.8Zm220.923,0a34.114,34.114,0,1,0,34.317,34.113A34.215,34.215,0,0,0,394.519,224.8Zm153.807-55.319c-15.535-24.172-37.31-45.57-64.681-63.618-52.886-34.817-122.374-54-195.666-54a405.975,405.975,0,0,0-72.032,6.357,238.524,238.524,0,0,0-49.51-36.588C99.684-11.7,40.859.711,11.135,11.421A14.291,14.291,0,0,0,5.58,34.782C26.542,56.458,61.222,99.3,52.7,138.252c-33.142,33.9-51.112,74.776-51.112,117.337,0,43.372,17.97,84.248,51.112,118.148,8.526,38.956-26.154,81.816-47.116,103.491a14.284,14.284,0,0,0,5.555,23.34c29.724,10.709,88.549,23.147,155.324-10.2a238.679,238.679,0,0,0,49.51-36.589A405.972,405.972,0,0,0,288,460.14c73.313,0,142.8-19.159,195.667-53.975,27.371-18.049,49.145-39.426,64.679-63.619,17.309-26.923,26.07-55.916,26.07-86.125C574.394,225.4,565.634,196.43,548.326,169.485ZM284.987,409.9a345.65,345.65,0,0,1-89.446-11.5l-20.129,19.393a184.366,184.366,0,0,1-37.138,27.585,145.767,145.767,0,0,1-52.522,14.87c.983-1.771,1.881-3.563,2.842-5.356q30.258-55.68,16.325-100.078c-32.992-25.962-52.778-59.2-52.778-95.4,0-83.1,104.254-150.469,232.846-150.469s232.867,67.373,232.867,150.469C517.854,342.525,413.6,409.9,284.987,409.9Z\"><\/path><\/svg>\t\t\t<\/span>\n\t\t\t\t\t\t\t\t\t<span class=\"elementor-button-text\">+34 613 29 93 14\u00a0<\/span>\n\t\t\t\t\t<\/span>\n\t\t\t\t\t<\/a>\n\t\t\t\t<\/div>\n\t\t\t\t\t\t\t\t<\/div>\n\t\t\t\t<\/div>\n\t\t\t\t\t<\/div>\n\t\t\t\t<\/div>\n\t\t\t\t\t<\/div>\n\t\t\t\t<\/div>\n\t\t\t\t\t<\/div>\n\t\t\t\t<\/div>\n\t\t\t\t\t<\/div>\n\t\t\t\t<\/div>\n\t\t\t\t\t<\/div>\n\t\t<\/div>\n\t\t\t\t\t<\/div>\n\t\t<\/section>\n\t\t<div class=\"elementor-element elementor-element-41809a52 e-flex e-con-boxed e-con e-parent\" data-id=\"41809a52\" data-element_type=\"container\">\n\t\t\t\t\t<div class=\"e-con-inner\">\n\t\t<div class=\"elementor-element elementor-element-372a1b30 e-con-full e-flex e-con e-child\" data-id=\"372a1b30\" data-element_type=\"container\">\n\t\t<div class=\"elementor-element elementor-element-34fadf8c e-con-full e-flex e-con e-child\" data-id=\"34fadf8c\" data-element_type=\"container\" data-settings=\"{&quot;background_background&quot;:&quot;classic&quot;}\">\n\t\t\t\t<div class=\"elementor-element elementor-element-1e4c34ad elementor-widget elementor-widget-heading\" data-id=\"1e4c34ad\" data-element_type=\"widget\" data-widget_type=\"heading.default\">\n\t\t\t\t<div class=\"elementor-widget-container\">\n\t\t\t\t\t<h2 class=\"elementor-heading-title elementor-size-default\">Datos de contacto<\/h2>\t\t\t\t<\/div>\n\t\t\t\t<\/div>\n\t\t\t\t<div class=\"elementor-element elementor-element-6293e974 elementor-icon-list--layout-traditional elementor-list-item-link-full_width elementor-widget elementor-widget-icon-list\" data-id=\"6293e974\" data-element_type=\"widget\" data-widget_type=\"icon-list.default\">\n\t\t\t\t<div class=\"elementor-widget-container\">\n\t\t\t\t\t\t\t<ul class=\"elementor-icon-list-items\">\n\t\t\t\t\t\t\t<li class=\"elementor-icon-list-item\">\n\t\t\t\t\t\t\t\t\t\t\t<a href=\"tel:+48957402111\">\n\n\t\t\t\t\t\t\t\t\t\t\t\t<span class=\"elementor-icon-list-icon\">\n\t\t\t\t\t\t\t<svg aria-hidden=\"true\" class=\"e-font-icon-svg e-fas-phone\" viewBox=\"0 0 512 512\" xmlns=\"http:\/\/www.w3.org\/2000\/svg\"><path d=\"M493.4 24.6l-104-24c-11.3-2.6-22.9 3.3-27.5 13.9l-48 112c-4.2 9.8-1.4 21.3 6.9 28l60.6 49.6c-36 76.7-98.9 140.5-177.2 177.2l-49.6-60.6c-6.8-8.3-18.2-11.1-28-6.9l-112 48C3.9 366.5-2 378.1.6 389.4l24 104C27.1 504.2 36.7 512 48 512c256.1 0 464-207.5 464-464 0-11.2-7.7-20.9-18.6-23.4z\"><\/path><\/svg>\t\t\t\t\t\t<\/span>\n\t\t\t\t\t\t\t\t\t\t<span class=\"elementor-icon-list-text\">+34 613 29 93 14\u00a0<\/span>\n\t\t\t\t\t\t\t\t\t\t\t<\/a>\n\t\t\t\t\t\t\t\t\t<\/li>\n\t\t\t\t\t\t\t\t<li class=\"elementor-icon-list-item\">\n\t\t\t\t\t\t\t\t\t\t\t<a href=\"mailto:%20info@formee.es\">\n\n\t\t\t\t\t\t\t\t\t\t\t\t<span class=\"elementor-icon-list-icon\">\n\t\t\t\t\t\t\t<svg aria-hidden=\"true\" class=\"e-font-icon-svg e-far-envelope\" viewBox=\"0 0 512 512\" xmlns=\"http:\/\/www.w3.org\/2000\/svg\"><path d=\"M464 64H48C21.49 64 0 85.49 0 112v288c0 26.51 21.49 48 48 48h416c26.51 0 48-21.49 48-48V112c0-26.51-21.49-48-48-48zm0 48v40.805c-22.422 18.259-58.168 46.651-134.587 106.49-16.841 13.247-50.201 45.072-73.413 44.701-23.208.375-56.579-31.459-73.413-44.701C106.18 199.465 70.425 171.067 48 152.805V112h416zM48 400V214.398c22.914 18.251 55.409 43.862 104.938 82.646 21.857 17.205 60.134 55.186 103.062 54.955 42.717.231 80.509-37.199 103.053-54.947 49.528-38.783 82.032-64.401 104.947-82.653V400H48z\"><\/path><\/svg>\t\t\t\t\t\t<\/span>\n\t\t\t\t\t\t\t\t\t\t<span class=\"elementor-icon-list-text\">info@formee.es<\/span>\n\t\t\t\t\t\t\t\t\t\t\t<\/a>\n\t\t\t\t\t\t\t\t\t<\/li>\n\t\t\t\t\t\t\t\t<li class=\"elementor-icon-list-item\">\n\t\t\t\t\t\t\t\t\t\t\t<a href=\"https:\/\/www.facebook.com\/profile.php?id=100076161755669\">\n\n\t\t\t\t\t\t\t\t\t\t\t\t<span class=\"elementor-icon-list-icon\">\n\t\t\t\t\t\t\t<svg aria-hidden=\"true\" class=\"e-font-icon-svg e-fas-map-marker-alt\" viewBox=\"0 0 384 512\" xmlns=\"http:\/\/www.w3.org\/2000\/svg\"><path d=\"M172.268 501.67C26.97 291.031 0 269.413 0 192 0 85.961 85.961 0 192 0s192 85.961 192 192c0 77.413-26.97 99.031-172.268 309.67-9.535 13.774-29.93 13.773-39.464 0zM192 272c44.183 0 80-35.817 80-80s-35.817-80-80-80-80 35.817-80 80 35.817 80 80 80z\"><\/path><\/svg>\t\t\t\t\t\t<\/span>\n\t\t\t\t\t\t\t\t\t\t<span class=\"elementor-icon-list-text\">ul. Zakaszewskiego 7<br> 66-300 Mi\u0119dzyrzecz<\/span>\n\t\t\t\t\t\t\t\t\t\t\t<\/a>\n\t\t\t\t\t\t\t\t\t<\/li>\n\t\t\t\t\t\t<\/ul>\n\t\t\t\t\t\t<\/div>\n\t\t\t\t<\/div>\n\t\t\t\t<div class=\"elementor-element elementor-element-2da2db8f elementor-widget elementor-widget-text-editor\" data-id=\"2da2db8f\" data-element_type=\"widget\" data-widget_type=\"text-editor.default\">\n\t\t\t\t<div class=\"elementor-widget-container\">\n\t\t\t\t\t\t\t\t\t<p>\u00a1Encu\u00e9ntranos en las redes sociales!<\/p>\t\t\t\t\t\t\t\t<\/div>\n\t\t\t\t<\/div>\n\t\t\t\t<div class=\"elementor-element elementor-element-5f27c419 e-grid-align-left elementor-shape-rounded elementor-grid-0 elementor-widget elementor-widget-social-icons\" data-id=\"5f27c419\" data-element_type=\"widget\" data-widget_type=\"social-icons.default\">\n\t\t\t\t<div class=\"elementor-widget-container\">\n\t\t\t\t\t\t\t<div class=\"elementor-social-icons-wrapper elementor-grid\" role=\"list\">\n\t\t\t\t\t\t\t<span class=\"elementor-grid-item\" role=\"listitem\">\n\t\t\t\t\t<a class=\"elementor-icon elementor-social-icon elementor-social-icon-facebook elementor-repeater-item-84161e5\" href=\"https:\/\/www.facebook.com\/share\/1BNf4HvEea\/?mibextid=wwXIfr\" target=\"_blank\">\n\t\t\t\t\t\t<span class=\"elementor-screen-only\">Facebook<\/span>\n\t\t\t\t\t\t<svg class=\"e-font-icon-svg e-fab-facebook\" viewBox=\"0 0 512 512\" xmlns=\"http:\/\/www.w3.org\/2000\/svg\"><path d=\"M504 256C504 119 393 8 256 8S8 119 8 256c0 123.78 90.69 226.38 209.25 245V327.69h-63V256h63v-54.64c0-62.15 37-96.48 93.67-96.48 27.14 0 55.52 4.84 55.52 4.84v61h-31.28c-30.8 0-40.41 19.12-40.41 38.73V256h68.78l-11 71.69h-57.78V501C413.31 482.38 504 379.78 504 256z\"><\/path><\/svg>\t\t\t\t\t<\/a>\n\t\t\t\t<\/span>\n\t\t\t\t\t\t\t<span class=\"elementor-grid-item\" role=\"listitem\">\n\t\t\t\t\t<a class=\"elementor-icon elementor-social-icon elementor-social-icon-instagram elementor-repeater-item-0f2f566\" href=\"https:\/\/www.instagram.com\/formee.es?igsh=Y3VmdW8zenhrcmt2\" target=\"_blank\">\n\t\t\t\t\t\t<span class=\"elementor-screen-only\">Instagram<\/span>\n\t\t\t\t\t\t<svg class=\"e-font-icon-svg e-fab-instagram\" viewBox=\"0 0 448 512\" xmlns=\"http:\/\/www.w3.org\/2000\/svg\"><path d=\"M224.1 141c-63.6 0-114.9 51.3-114.9 114.9s51.3 114.9 114.9 114.9S339 319.5 339 255.9 287.7 141 224.1 141zm0 189.6c-41.1 0-74.7-33.5-74.7-74.7s33.5-74.7 74.7-74.7 74.7 33.5 74.7 74.7-33.6 74.7-74.7 74.7zm146.4-194.3c0 14.9-12 26.8-26.8 26.8-14.9 0-26.8-12-26.8-26.8s12-26.8 26.8-26.8 26.8 12 26.8 26.8zm76.1 27.2c-1.7-35.9-9.9-67.7-36.2-93.9-26.2-26.2-58-34.4-93.9-36.2-37-2.1-147.9-2.1-184.9 0-35.8 1.7-67.6 9.9-93.9 36.1s-34.4 58-36.2 93.9c-2.1 37-2.1 147.9 0 184.9 1.7 35.9 9.9 67.7 36.2 93.9s58 34.4 93.9 36.2c37 2.1 147.9 2.1 184.9 0 35.9-1.7 67.7-9.9 93.9-36.2 26.2-26.2 34.4-58 36.2-93.9 2.1-37 2.1-147.8 0-184.8zM398.8 388c-7.8 19.6-22.9 34.7-42.6 42.6-29.5 11.7-99.5 9-132.1 9s-102.7 2.6-132.1-9c-19.6-7.8-34.7-22.9-42.6-42.6-11.7-29.5-9-99.5-9-132.1s-2.6-102.7 9-132.1c7.8-19.6 22.9-34.7 42.6-42.6 29.5-11.7 99.5-9 132.1-9s102.7-2.6 132.1 9c19.6 7.8 34.7 22.9 42.6 42.6 11.7 29.5 9 99.5 9 132.1s2.7 102.7-9 132.1z\"><\/path><\/svg>\t\t\t\t\t<\/a>\n\t\t\t\t<\/span>\n\t\t\t\t\t<\/div>\n\t\t\t\t\t\t<\/div>\n\t\t\t\t<\/div>\n\t\t\t\t<\/div>\n\t\t\t\t<\/div>\n\t\t<div class=\"elementor-element elementor-element-4e35b2b3 e-con-full e-flex e-con e-child\" data-id=\"4e35b2b3\" data-element_type=\"container\">\n\t\t<div class=\"elementor-element elementor-element-3c179975 e-con-full e-flex e-con e-child\" data-id=\"3c179975\" data-element_type=\"container\" data-settings=\"{&quot;background_background&quot;:&quot;classic&quot;}\">\n\t\t\t\t<div class=\"elementor-element elementor-element-685b9e4c elementor-widget elementor-widget-heading\" data-id=\"685b9e4c\" data-element_type=\"widget\" data-widget_type=\"heading.default\">\n\t\t\t\t<div class=\"elementor-widget-container\">\n\t\t\t\t\t<h2 class=\"elementor-heading-title elementor-size-default\">Escr\u00edbenos<\/h2>\t\t\t\t<\/div>\n\t\t\t\t<\/div>\n\t\t\t\t<div class=\"elementor-element elementor-element-1f5deee elementor-widget elementor-widget-shortcode\" data-id=\"1f5deee\" data-element_type=\"widget\" data-widget_type=\"shortcode.default\">\n\t\t\t\t<div class=\"elementor-widget-container\">\n\t\t\t\t\t\t\t<div class=\"elementor-shortcode\"><div class=\"forminator-ui forminator-custom-form forminator-custom-form-7946 forminator-design--default  forminator_ajax\" data-forminator-render=\"0\" data-form=\"forminator-module-7946\" data-uid=\"69e90d25306f2\"><br\/><\/div><form\n\t\t\t\tid=\"forminator-module-7946\"\n\t\t\t\tclass=\"forminator-ui forminator-custom-form forminator-custom-form-7946 forminator-design--default  forminator_ajax\"\n\t\t\t\tmethod=\"post\"\n\t\t\t\tdata-forminator-render=\"0\"\n\t\t\t\tdata-form-id=\"7946\"\n\t\t\t\t\n\t\t\t\tdata-design=\"default\"\n\t\t\t\tdata-color-option=\"theme\"\n\t\t\t\t\n\t\t\t\t\n\t\t\t\t\n\t\t\t\tdata-grid=\"open\"\n\t\t\t\t\n\t\t\t\t\n\t\t\t\tstyle=\"display: none;\"\n\t\t\t\t\n\t\t\t\tdata-uid=\"69e90d25306f2\"\n\t\t\t><div role=\"alert\" aria-live=\"polite\" class=\"forminator-response-message forminator-error\" aria-hidden=\"true\"><\/div><div class=\"forminator-row\"><div id=\"name-1\" class=\"forminator-field-name forminator-col forminator-col-12 \"><div class=\"forminator-field\"><label for=\"forminator-field-name-1_69e90d25306f2\" id=\"forminator-field-name-1_69e90d25306f2-label\" class=\"forminator-label\">Nombre y apellidos <span class=\"forminator-required\">*<\/span><\/label><input type=\"text\" name=\"name-1\" value=\"\" placeholder=\"\" id=\"forminator-field-name-1_69e90d25306f2\" class=\"forminator-input forminator-name--field\" aria-required=\"true\" \/><\/div><\/div><\/div><div class=\"forminator-row\"><div id=\"email-1\" class=\"forminator-field-email forminator-col forminator-col-12 \"><div class=\"forminator-field\"><label for=\"forminator-field-email-1_69e90d25306f2\" id=\"forminator-field-email-1_69e90d25306f2-label\" class=\"forminator-label\">Correo electr\u00f3nico <span class=\"forminator-required\">*<\/span><\/label><input type=\"email\" name=\"email-1\" value=\"\" placeholder=\"\" id=\"forminator-field-email-1_69e90d25306f2\" class=\"forminator-input forminator-email--field\" data-required=\"true\" aria-required=\"true\" \/><\/div><\/div><\/div><div class=\"forminator-row\"><div id=\"phone-1\" class=\"forminator-field-phone forminator-col forminator-col-12 \"><div class=\"forminator-field\"><label for=\"forminator-field-phone-1_69e90d25306f2\" id=\"forminator-field-phone-1_69e90d25306f2-label\" class=\"forminator-label\">Tel\u00e9fono<\/label><input type=\"text\" name=\"phone-1\" value=\"\" placeholder=\"\" id=\"forminator-field-phone-1_69e90d25306f2\" class=\"forminator-input forminator-field--phone\" data-required=\"\" aria-required=\"false\" autocomplete=\"off\" \/><\/div><\/div><\/div><div class=\"forminator-row\"><div id=\"text-1\" class=\"forminator-field-text forminator-col forminator-col-12 \"><div class=\"forminator-field\"><label for=\"forminator-field-text-1_69e90d25306f2\" id=\"forminator-field-text-1_69e90d25306f2-label\" class=\"forminator-label\">Asunto <span class=\"forminator-required\">*<\/span><\/label><span id=\"forminator-field-text-1_69e90d25306f2-description\" class=\"forminator-description\"><span data-limit=\"100\" data-type=\"characters\">0 \/ 100<\/span><\/span><input type=\"text\" name=\"text-1\" value=\"\" placeholder=\"\" id=\"forminator-field-text-1_69e90d25306f2\" class=\"forminator-input forminator-name--field\" data-required=\"1\" maxlength=\"100\" \/><\/div><\/div><\/div><div class=\"forminator-row\"><div id=\"textarea-1\" class=\"forminator-field-textarea forminator-col forminator-col-12 \"><div class=\"forminator-field\"><label for=\"forminator-field-textarea-1_69e90d25306f2\" id=\"forminator-field-textarea-1_69e90d25306f2-label\" class=\"forminator-label\">Mensaje <span class=\"forminator-required\">*<\/span><\/label><span id=\"forminator-field-textarea-1_69e90d25306f2-description\" class=\"forminator-description\"><span data-limit=\"600\" data-type=\"characters\" data-editor=\"\">0 \/ 600<\/span><\/span><textarea name=\"textarea-1\" placeholder=\"\" id=\"forminator-field-textarea-1_69e90d25306f2\" class=\"forminator-textarea\" rows=\"6\" style=\"min-height:140px;\" maxlength=\"600\" ><\/textarea><\/div><\/div><\/div><input type=\"hidden\" name=\"referer_url\" value=\"\" \/><div class=\"forminator-row forminator-row-last\"><div class=\"forminator-col\"><div class=\"forminator-field\"><button class=\"forminator-button forminator-button-submit\">Enviar<\/button><\/div><\/div><\/div><input type=\"hidden\" id=\"forminator_nonce\" name=\"forminator_nonce\" value=\"9c2f0eaf35\" \/><input type=\"hidden\" name=\"_wp_http_referer\" value=\"\/index.php\/wp-json\/wp\/v2\/pages\/7919\" \/><input type=\"hidden\" name=\"form_id\" value=\"7946\"><input type=\"hidden\" name=\"page_id\" value=\"7919\"><input type=\"hidden\" name=\"form_type\" value=\"default\"><input type=\"hidden\" name=\"current_url\" value=\"https:\/\/formee.es\/index.php\/contacto\/\"><input type=\"hidden\" name=\"render_id\" value=\"0\"><input type=\"hidden\" name=\"action\" value=\"forminator_submit_form_custom-forms\"><\/form><\/div>\n\t\t\t\t\t\t<\/div>\n\t\t\t\t<\/div>\n\t\t\t\t<\/div>\n\t\t<div class=\"elementor-element elementor-element-16b77dcd e-con-full e-flex e-con e-child\" data-id=\"16b77dcd\" data-element_type=\"container\" data-settings=\"{&quot;background_background&quot;:&quot;classic&quot;}\">\n\t\t\t\t<div class=\"elementor-element elementor-element-3076fab3 elementor-widget elementor-widget-heading\" data-id=\"3076fab3\" data-element_type=\"widget\" data-widget_type=\"heading.default\">\n\t\t\t\t<div class=\"elementor-widget-container\">\n\t\t\t\t\t<h2 class=\"elementor-heading-title elementor-size-default\">C\u00f3mo llegar a nosotros<\/h2>\t\t\t\t<\/div>\n\t\t\t\t<\/div>\n\t\t\t\t<div class=\"elementor-element elementor-element-c94f34f elementor-widget__width-initial elementor-widget elementor-widget-google_maps\" data-id=\"c94f34f\" data-element_type=\"widget\" data-widget_type=\"google_maps.default\">\n\t\t\t\t<div class=\"elementor-widget-container\">\n\t\t\t\t\t\t\t<div class=\"elementor-custom-embed\">\n\t\t\t<iframe loading=\"lazy\"\n\t\t\t\t\tsrc=\"https:\/\/maps.google.com\/maps?q=formee%2C%20ul.zakaszewskiego%207%2C%2066-300%20Mi%C4%99dzyrzecz&#038;t=m&#038;z=15&#038;output=embed&#038;iwloc=near\"\n\t\t\t\t\ttitle=\"formee, ul.zakaszewskiego 7, 66-300 Mi\u0119dzyrzecz\"\n\t\t\t\t\taria-label=\"formee, ul.zakaszewskiego 7, 66-300 Mi\u0119dzyrzecz\"\n\t\t\t><\/iframe>\n\t\t<\/div>\n\t\t\t\t\t\t<\/div>\n\t\t\t\t<\/div>\n\t\t\t\t<\/div>\n\t\t\t\t<\/div>\n\t\t\t\t\t<\/div>\n\t\t\t\t<\/div>\n\t\t<div class=\"elementor-element elementor-element-26f825f8 e-con-full e-flex e-con e-parent\" data-id=\"26f825f8\" data-element_type=\"container\">\n\t\t\t\t<\/div>\n\t\t\t\t<\/div>\n\t\t","protected":false},"excerpt":{"rendered":"<p>Cont\u00e1ctanos +34 613 29 93 14\u00a0 Datos de contacto +34 613 29 93 14\u00a0 info@formee.es ul. Zakaszewskiego 7 66-300 Mi\u0119dzyrzecz \u00a1Encu\u00e9ntranos en las redes sociales! Facebook Instagram Escr\u00edbenos C\u00f3mo llegar a nosotros<\/p>\n","protected":false},"author":1,"featured_media":0,"parent":0,"menu_order":0,"comment_status":"closed","ping_status":"closed","template":"","meta":{"footnotes":""},"class_list":["post-7919","page","type-page","status-publish","hentry"],"yoast_head":"<!-- This site is optimized with the Yoast SEO plugin v25.8 - https:\/\/yoast.com\/wordpress\/plugins\/seo\/ -->\n<title>CONTACTO - Formee<\/title>\n<meta name=\"robots\" content=\"index, follow, max-snippet:-1, max-image-preview:large, max-video-preview:-1\" \/>\n<link rel=\"canonical\" href=\"https:\/\/formee.es\/index.php\/contacto\/\" \/>\n<meta property=\"og:locale\" content=\"pl_PL\" \/>\n<meta property=\"og:type\" content=\"article\" \/>\n<meta property=\"og:title\" content=\"CONTACTO - Formee\" \/>\n<meta property=\"og:description\" content=\"Cont\u00e1ctanos +34 613 29 93 14\u00a0 Datos de contacto +34 613 29 93 14\u00a0 info@formee.es ul. Zakaszewskiego 7 66-300 Mi\u0119dzyrzecz \u00a1Encu\u00e9ntranos en las redes sociales! Facebook Instagram Escr\u00edbenos C\u00f3mo llegar a nosotros\" \/>\n<meta property=\"og:url\" content=\"https:\/\/formee.es\/index.php\/contacto\/\" \/>\n<meta property=\"og:site_name\" content=\"Formee\" \/>\n<meta property=\"article:modified_time\" content=\"2025-08-28T09:36:37+00:00\" \/>\n<meta name=\"twitter:card\" content=\"summary_large_image\" \/>\n<meta name=\"twitter:label1\" content=\"Szacowany czas czytania\" \/>\n\t<meta name=\"twitter:data1\" content=\"1 minuta\" \/>\n<script type=\"application\/ld+json\" class=\"yoast-schema-graph\">{\"@context\":\"https:\/\/schema.org\",\"@graph\":[{\"@type\":\"WebPage\",\"@id\":\"https:\/\/formee.es\/index.php\/contacto\/\",\"url\":\"https:\/\/formee.es\/index.php\/contacto\/\",\"name\":\"CONTACTO - Formee\",\"isPartOf\":{\"@id\":\"https:\/\/formee.es\/#website\"},\"datePublished\":\"2025-06-02T05:34:27+00:00\",\"dateModified\":\"2025-08-28T09:36:37+00:00\",\"breadcrumb\":{\"@id\":\"https:\/\/formee.es\/index.php\/contacto\/#breadcrumb\"},\"inLanguage\":\"pl-PL\",\"potentialAction\":[{\"@type\":\"ReadAction\",\"target\":[\"https:\/\/formee.es\/index.php\/contacto\/\"]}]},{\"@type\":\"BreadcrumbList\",\"@id\":\"https:\/\/formee.es\/index.php\/contacto\/#breadcrumb\",\"itemListElement\":[{\"@type\":\"ListItem\",\"position\":1,\"name\":\"Strona g\u0142\u00f3wna\",\"item\":\"https:\/\/formee.es\/\"},{\"@type\":\"ListItem\",\"position\":2,\"name\":\"CONTACTO\"}]},{\"@type\":\"WebSite\",\"@id\":\"https:\/\/formee.es\/#website\",\"url\":\"https:\/\/formee.es\/\",\"name\":\"Formee\",\"description\":\"\",\"publisher\":{\"@id\":\"https:\/\/formee.es\/#organization\"},\"potentialAction\":[{\"@type\":\"SearchAction\",\"target\":{\"@type\":\"EntryPoint\",\"urlTemplate\":\"https:\/\/formee.es\/?s={search_term_string}\"},\"query-input\":{\"@type\":\"PropertyValueSpecification\",\"valueRequired\":true,\"valueName\":\"search_term_string\"}}],\"inLanguage\":\"pl-PL\"},{\"@type\":\"Organization\",\"@id\":\"https:\/\/formee.es\/#organization\",\"name\":\"Formee\",\"url\":\"https:\/\/formee.es\/\",\"logo\":{\"@type\":\"ImageObject\",\"inLanguage\":\"pl-PL\",\"@id\":\"https:\/\/formee.es\/#\/schema\/logo\/image\/\",\"url\":\"https:\/\/formee.es\/wp-content\/uploads\/2025\/05\/FORMEE_LOGOTYPE_RGB_FORMEE_signet.png\",\"contentUrl\":\"https:\/\/formee.es\/wp-content\/uploads\/2025\/05\/FORMEE_LOGOTYPE_RGB_FORMEE_signet.png\",\"width\":1178,\"height\":1156,\"caption\":\"Formee\"},\"image\":{\"@id\":\"https:\/\/formee.es\/#\/schema\/logo\/image\/\"}}]}<\/script>\n<!-- \/ Yoast SEO plugin. -->","yoast_head_json":{"title":"CONTACTO - Formee","robots":{"index":"index","follow":"follow","max-snippet":"max-snippet:-1","max-image-preview":"max-image-preview:large","max-video-preview":"max-video-preview:-1"},"canonical":"https:\/\/formee.es\/index.php\/contacto\/","og_locale":"pl_PL","og_type":"article","og_title":"CONTACTO - Formee","og_description":"Cont\u00e1ctanos +34 613 29 93 14\u00a0 Datos de contacto +34 613 29 93 14\u00a0 info@formee.es ul. Zakaszewskiego 7 66-300 Mi\u0119dzyrzecz \u00a1Encu\u00e9ntranos en las redes sociales! Facebook Instagram Escr\u00edbenos C\u00f3mo llegar a nosotros","og_url":"https:\/\/formee.es\/index.php\/contacto\/","og_site_name":"Formee","article_modified_time":"2025-08-28T09:36:37+00:00","twitter_card":"summary_large_image","twitter_misc":{"Szacowany czas czytania":"1 minuta"},"schema":{"@context":"https:\/\/schema.org","@graph":[{"@type":"WebPage","@id":"https:\/\/formee.es\/index.php\/contacto\/","url":"https:\/\/formee.es\/index.php\/contacto\/","name":"CONTACTO - Formee","isPartOf":{"@id":"https:\/\/formee.es\/#website"},"datePublished":"2025-06-02T05:34:27+00:00","dateModified":"2025-08-28T09:36:37+00:00","breadcrumb":{"@id":"https:\/\/formee.es\/index.php\/contacto\/#breadcrumb"},"inLanguage":"pl-PL","potentialAction":[{"@type":"ReadAction","target":["https:\/\/formee.es\/index.php\/contacto\/"]}]},{"@type":"BreadcrumbList","@id":"https:\/\/formee.es\/index.php\/contacto\/#breadcrumb","itemListElement":[{"@type":"ListItem","position":1,"name":"Strona g\u0142\u00f3wna","item":"https:\/\/formee.es\/"},{"@type":"ListItem","position":2,"name":"CONTACTO"}]},{"@type":"WebSite","@id":"https:\/\/formee.es\/#website","url":"https:\/\/formee.es\/","name":"Formee","description":"","publisher":{"@id":"https:\/\/formee.es\/#organization"},"potentialAction":[{"@type":"SearchAction","target":{"@type":"EntryPoint","urlTemplate":"https:\/\/formee.es\/?s={search_term_string}"},"query-input":{"@type":"PropertyValueSpecification","valueRequired":true,"valueName":"search_term_string"}}],"inLanguage":"pl-PL"},{"@type":"Organization","@id":"https:\/\/formee.es\/#organization","name":"Formee","url":"https:\/\/formee.es\/","logo":{"@type":"ImageObject","inLanguage":"pl-PL","@id":"https:\/\/formee.es\/#\/schema\/logo\/image\/","url":"https:\/\/formee.es\/wp-content\/uploads\/2025\/05\/FORMEE_LOGOTYPE_RGB_FORMEE_signet.png","contentUrl":"https:\/\/formee.es\/wp-content\/uploads\/2025\/05\/FORMEE_LOGOTYPE_RGB_FORMEE_signet.png","width":1178,"height":1156,"caption":"Formee"},"image":{"@id":"https:\/\/formee.es\/#\/schema\/logo\/image\/"}}]}},"_links":{"self":[{"href":"https:\/\/formee.es\/index.php\/wp-json\/wp\/v2\/pages\/7919","targetHints":{"allow":["GET"]}}],"collection":[{"href":"https:\/\/formee.es\/index.php\/wp-json\/wp\/v2\/pages"}],"about":[{"href":"https:\/\/formee.es\/index.php\/wp-json\/wp\/v2\/types\/page"}],"author":[{"embeddable":true,"href":"https:\/\/formee.es\/index.php\/wp-json\/wp\/v2\/users\/1"}],"replies":[{"embeddable":true,"href":"https:\/\/formee.es\/index.php\/wp-json\/wp\/v2\/comments?post=7919"}],"version-history":[{"count":19,"href":"https:\/\/formee.es\/index.php\/wp-json\/wp\/v2\/pages\/7919\/revisions"}],"predecessor-version":[{"id":8498,"href":"https:\/\/formee.es\/index.php\/wp-json\/wp\/v2\/pages\/7919\/revisions\/8498"}],"wp:attachment":[{"href":"https:\/\/formee.es\/index.php\/wp-json\/wp\/v2\/media?parent=7919"}],"curies":[{"name":"wp","href":"https:\/\/api.w.org\/{rel}","templated":true}]}}