{"id":7990,"date":"2025-06-02T09:57:47","date_gmt":"2025-06-02T07:57:47","guid":{"rendered":"https:\/\/formee.es\/?page_id=7990"},"modified":"2025-08-28T12:24:42","modified_gmt":"2025-08-28T10:24:42","slug":"transporte","status":"publish","type":"page","link":"https:\/\/formee.es\/index.php\/transporte\/","title":{"rendered":"Transporte"},"content":{"rendered":"\t\t<div data-elementor-type=\"wp-page\" data-elementor-id=\"7990\" class=\"elementor elementor-7990\">\n\t\t\t\t\t\t<section class=\"elementor-section elementor-top-section elementor-element elementor-element-49f8b380 elementor-section-height-min-height elementor-section-boxed elementor-section-height-default elementor-section-items-middle\" data-id=\"49f8b380\" data-element_type=\"section\" data-settings=\"{&quot;background_background&quot;:&quot;classic&quot;}\">\n\t\t\t\t\t\t\t<div class=\"elementor-background-overlay\"><\/div>\n\t\t\t\t\t\t\t<div class=\"elementor-container elementor-column-gap-extended\">\n\t\t\t\t\t<div class=\"elementor-column elementor-col-100 elementor-top-column elementor-element elementor-element-2934b96f\" data-id=\"2934b96f\" data-element_type=\"column\" data-settings=\"{&quot;background_background&quot;:&quot;classic&quot;}\">\n\t\t\t<div class=\"elementor-widget-wrap elementor-element-populated\">\n\t\t\t\t<div class=\"elementor-element elementor-element-33acc819 e-con-full e-flex e-con e-parent\" data-id=\"33acc819\" data-element_type=\"container\">\n\t\t<div class=\"elementor-element elementor-element-42a071ba e-flex e-con-boxed e-con e-child\" data-id=\"42a071ba\" data-element_type=\"container\">\n\t\t\t\t\t<div class=\"e-con-inner\">\n\t\t\t\t<div class=\"elementor-element elementor-element-c1281d7 elementor-widget__width-initial elementor-widget elementor-widget-heading\" data-id=\"c1281d7\" data-element_type=\"widget\" data-widget_type=\"heading.default\">\n\t\t\t\t<div class=\"elementor-widget-container\">\n\t\t\t\t\t<h1 class=\"elementor-heading-title elementor-size-default\">\n<strong style=\"color: white;font-size: 40px\">\nTransporte<\/strong>\n<p style=\"color: #d3ec28;font-size: 32px\"><b>de elementos prefabricados de hormig\u00f3n<\/b><\/p><\/h1>\t\t\t\t<\/div>\n\t\t\t\t<\/div>\n\t\t<div class=\"elementor-element elementor-element-7a1f760d e-flex e-con-boxed e-con e-child\" data-id=\"7a1f760d\" data-element_type=\"container\">\n\t\t\t\t\t<div class=\"e-con-inner\">\n\t\t\t\t<div class=\"elementor-element elementor-element-5752908b elementor-widget elementor-widget-button\" data-id=\"5752908b\" data-element_type=\"widget\" data-widget_type=\"button.default\">\n\t\t\t\t<div class=\"elementor-widget-container\">\n\t\t\t\t\t\t\t\t\t<div class=\"elementor-button-wrapper\">\n\t\t\t\t\t<a class=\"elementor-button elementor-button-link elementor-size-sm\" href=\"tel:+34%20613%2029%2093%2014\u00a0\">\n\t\t\t\t\t\t<span class=\"elementor-button-content-wrapper\">\n\t\t\t\t\t\t<span class=\"elementor-button-icon\">\n\t\t\t\t<svg aria-hidden=\"true\" class=\"e-font-icon-svg e-fab-rocketchat\" viewBox=\"0 0 576 512\" xmlns=\"http:\/\/www.w3.org\/2000\/svg\"><path d=\"M284.046,224.8a34.114,34.114,0,1,0,34.317,34.113A34.217,34.217,0,0,0,284.046,224.8Zm-110.45,0a34.114,34.114,0,1,0,34.317,34.113A34.217,34.217,0,0,0,173.6,224.8Zm220.923,0a34.114,34.114,0,1,0,34.317,34.113A34.215,34.215,0,0,0,394.519,224.8Zm153.807-55.319c-15.535-24.172-37.31-45.57-64.681-63.618-52.886-34.817-122.374-54-195.666-54a405.975,405.975,0,0,0-72.032,6.357,238.524,238.524,0,0,0-49.51-36.588C99.684-11.7,40.859.711,11.135,11.421A14.291,14.291,0,0,0,5.58,34.782C26.542,56.458,61.222,99.3,52.7,138.252c-33.142,33.9-51.112,74.776-51.112,117.337,0,43.372,17.97,84.248,51.112,118.148,8.526,38.956-26.154,81.816-47.116,103.491a14.284,14.284,0,0,0,5.555,23.34c29.724,10.709,88.549,23.147,155.324-10.2a238.679,238.679,0,0,0,49.51-36.589A405.972,405.972,0,0,0,288,460.14c73.313,0,142.8-19.159,195.667-53.975,27.371-18.049,49.145-39.426,64.679-63.619,17.309-26.923,26.07-55.916,26.07-86.125C574.394,225.4,565.634,196.43,548.326,169.485ZM284.987,409.9a345.65,345.65,0,0,1-89.446-11.5l-20.129,19.393a184.366,184.366,0,0,1-37.138,27.585,145.767,145.767,0,0,1-52.522,14.87c.983-1.771,1.881-3.563,2.842-5.356q30.258-55.68,16.325-100.078c-32.992-25.962-52.778-59.2-52.778-95.4,0-83.1,104.254-150.469,232.846-150.469s232.867,67.373,232.867,150.469C517.854,342.525,413.6,409.9,284.987,409.9Z\"><\/path><\/svg>\t\t\t<\/span>\n\t\t\t\t\t\t\t\t\t<span class=\"elementor-button-text\">+34 613 29 93 14\u00a0<\/span>\n\t\t\t\t\t<\/span>\n\t\t\t\t\t<\/a>\n\t\t\t\t<\/div>\n\t\t\t\t\t\t\t\t<\/div>\n\t\t\t\t<\/div>\n\t\t\t\t\t<\/div>\n\t\t\t\t<\/div>\n\t\t\t\t\t<\/div>\n\t\t\t\t<\/div>\n\t\t\t\t<\/div>\n\t\t\t\t\t<\/div>\n\t\t<\/div>\n\t\t\t\t\t<\/div>\n\t\t<\/section>\n\t\t<div class=\"elementor-element elementor-element-703d587b e-con-full e-flex e-con e-parent\" data-id=\"703d587b\" data-element_type=\"container\">\n\t\t<div class=\"elementor-element elementor-element-5b7de21 e-flex e-con-boxed e-con e-child\" data-id=\"5b7de21\" data-element_type=\"container\">\n\t\t\t\t\t<div class=\"e-con-inner\">\n\t\t<div class=\"elementor-element elementor-element-306ee36 e-con-full e-flex e-con e-child\" data-id=\"306ee36\" data-element_type=\"container\">\n\t\t\t\t<div class=\"elementor-element elementor-element-3441d7b0 elementor-hidden-mobile elementor-widget elementor-widget-image\" data-id=\"3441d7b0\" data-element_type=\"widget\" data-widget_type=\"image.default\">\n\t\t\t\t<div class=\"elementor-widget-container\">\n\t\t\t\t\t\t\t\t\t\t\t\t\t\t\t<img decoding=\"async\" src=\"https:\/\/formee.es\/wp-content\/uploads\/elementor\/thumbs\/dalej-r6f1b61hhj5gbdm1dcreae4zf4i4lj2o80xkl64lj4.png\" title=\"dalej.png\" alt=\"dalej.png\" loading=\"lazy\" \/>\t\t\t\t\t\t\t\t\t\t\t\t\t\t\t<\/div>\n\t\t\t\t<\/div>\n\t\t\t\t<\/div>\n\t\t<div class=\"elementor-element elementor-element-7c8ce03e e-con-full e-flex e-con e-child\" data-id=\"7c8ce03e\" data-element_type=\"container\">\n\t\t\t\t<div class=\"elementor-element elementor-element-2c0fafe2 elementor-widget__width-initial elementor-widget elementor-widget-text-editor\" data-id=\"2c0fafe2\" data-element_type=\"widget\" data-widget_type=\"text-editor.default\">\n\t\t\t\t<div class=\"elementor-widget-container\">\n\t\t\t\t\t\t\t\t\t<p>Nos sentimos como en casa en las obras europeas. Somos su socio fuerte para la log\u00edstica en el sector de la construcci\u00f3n. Tanto en Polonia como en toda Europa. Nuestra tecnolog\u00eda de veh\u00edculos est\u00e1 especializada en la industria de la prefabricaci\u00f3n, con sus requisitos espec\u00edficos.<\/p>\t\t\t\t\t\t\t\t<\/div>\n\t\t\t\t<\/div>\n\t\t\t\t<\/div>\n\t\t\t\t\t<\/div>\n\t\t\t\t<\/div>\n\t\t\t\t<\/div>\n\t\t<div class=\"elementor-element elementor-element-61e68619 e-con-full e-flex e-con e-parent\" data-id=\"61e68619\" data-element_type=\"container\" data-settings=\"{&quot;background_background&quot;:&quot;classic&quot;}\">\n\t\t<div class=\"elementor-element elementor-element-3c59b094 e-con-full e-flex e-con e-child\" data-id=\"3c59b094\" data-element_type=\"container\">\n\t\t<div class=\"elementor-element elementor-element-2a88174e e-flex e-con-boxed e-con e-child\" data-id=\"2a88174e\" data-element_type=\"container\">\n\t\t\t\t\t<div class=\"e-con-inner\">\n\t\t<div class=\"elementor-element elementor-element-2b559c37 e-con-full e-flex e-con e-child\" data-id=\"2b559c37\" data-element_type=\"container\">\n\t\t\t\t<div class=\"elementor-element elementor-element-62781eb9 elementor-hidden-mobile elementor-widget elementor-widget-image\" data-id=\"62781eb9\" data-element_type=\"widget\" data-widget_type=\"image.default\">\n\t\t\t\t<div class=\"elementor-widget-container\">\n\t\t\t\t\t\t\t\t\t\t\t\t\t\t\t<img decoding=\"async\" src=\"https:\/\/formee.es\/wp-content\/uploads\/elementor\/thumbs\/dalej-r6f1b61hhj5gbdm1dcreae4zf4i4lj2o80xkl64lj4.png\" title=\"dalej.png\" alt=\"dalej.png\" loading=\"lazy\" \/>\t\t\t\t\t\t\t\t\t\t\t\t\t\t\t<\/div>\n\t\t\t\t<\/div>\n\t\t\t\t<\/div>\n\t\t<div class=\"elementor-element elementor-element-7f5e3844 e-con-full e-flex e-con e-child\" data-id=\"7f5e3844\" data-element_type=\"container\">\n\t\t\t\t<div class=\"elementor-element elementor-element-2ba96f1d elementor-widget elementor-widget-heading\" data-id=\"2ba96f1d\" data-element_type=\"widget\" data-widget_type=\"heading.default\">\n\t\t\t\t<div class=\"elementor-widget-container\">\n\t\t\t\t\t<h2 class=\"elementor-heading-title elementor-size-default\"><i><b>Enfoque individual<\/b><br>de la log\u00edstica de la carga en el sector de la construcci\u00f3n.<\/h2>\t\t\t\t<\/div>\n\t\t\t\t<\/div>\n\t\t\t\t<\/div>\n\t\t\t\t\t<\/div>\n\t\t\t\t<\/div>\n\t\t\t\t<\/div>\n\t\t\t\t<\/div>\n\t\t<div class=\"elementor-element elementor-element-5eb28635 e-con-full e-flex e-con e-parent\" data-id=\"5eb28635\" data-element_type=\"container\">\n\t\t<div class=\"elementor-element elementor-element-60aa68a1 e-con-full e-flex e-con e-child\" data-id=\"60aa68a1\" data-element_type=\"container\">\n\t\t<div class=\"elementor-element elementor-element-607d8ad1 e-con-full e-flex e-con e-child\" data-id=\"607d8ad1\" data-element_type=\"container\">\n\t\t\t\t<div class=\"elementor-element elementor-element-662c043b elementor-hidden-mobile elementor-widget elementor-widget-image\" data-id=\"662c043b\" data-element_type=\"widget\" data-widget_type=\"image.default\">\n\t\t\t\t<div class=\"elementor-widget-container\">\n\t\t\t\t\t\t\t\t\t\t\t\t\t\t\t<img decoding=\"async\" src=\"https:\/\/formee.es\/wp-content\/uploads\/elementor\/thumbs\/dalej-r6f1b61hhj5gbdm1dcreae4zf4i4lj2o80xkl64lj4.png\" title=\"dalej.png\" alt=\"dalej.png\" loading=\"lazy\" \/>\t\t\t\t\t\t\t\t\t\t\t\t\t\t\t<\/div>\n\t\t\t\t<\/div>\n\t\t\t\t<\/div>\n\t\t<div class=\"elementor-element elementor-element-3792c59a e-con-full e-flex e-con e-child\" data-id=\"3792c59a\" data-element_type=\"container\">\n\t\t\t\t<div class=\"elementor-element elementor-element-1fdc4683 elementor-widget__width-initial elementor-widget elementor-widget-text-editor\" data-id=\"1fdc4683\" data-element_type=\"widget\" data-widget_type=\"text-editor.default\">\n\t\t\t\t<div class=\"elementor-widget-container\">\n\t\t\t\t\t\t\t\t\t<p>Cualquier transporte para la industria de la construcci\u00f3n requiere una coordinaci\u00f3n adecuada entre el grupo de montaje, la producci\u00f3n y el dise\u00f1o. Entre otras cosas, hay que planificar las cargas en consecuencia, calcular las cargas \u00fatiles y los pesos de los componentes, aclarar las dimensiones y las limitaciones de transporte, pero, sobre todo, los componentes deben entregarse a tiempo.<\/p>\t\t\t\t\t\t\t\t<\/div>\n\t\t\t\t<\/div>\n\t\t\t\t<\/div>\n\t\t\t\t<\/div>\n\t\t\t\t<\/div>\n\t\t\t\t<\/div>\n\t\t","protected":false},"excerpt":{"rendered":"<p>Transporte de elementos prefabricados de hormig\u00f3n +34 613 29 93 14\u00a0 Nos sentimos como en casa en las obras europeas. Somos su socio fuerte para la log\u00edstica en el sector de la construcci\u00f3n. Tanto en Polonia como en toda Europa. Nuestra tecnolog\u00eda de veh\u00edculos est\u00e1 especializada en la industria de la prefabricaci\u00f3n, con sus requisitos [&hellip;]<\/p>\n","protected":false},"author":1,"featured_media":0,"parent":0,"menu_order":0,"comment_status":"closed","ping_status":"closed","template":"","meta":{"footnotes":""},"class_list":["post-7990","page","type-page","status-publish","hentry"],"yoast_head":"<!-- This site is optimized with the Yoast SEO plugin v25.8 - https:\/\/yoast.com\/wordpress\/plugins\/seo\/ -->\n<title>Transporte - Formee<\/title>\n<meta name=\"robots\" content=\"index, follow, max-snippet:-1, max-image-preview:large, max-video-preview:-1\" \/>\n<link rel=\"canonical\" href=\"https:\/\/formee.es\/index.php\/transporte\/\" \/>\n<meta property=\"og:locale\" content=\"pl_PL\" \/>\n<meta property=\"og:type\" content=\"article\" \/>\n<meta property=\"og:title\" content=\"Transporte - Formee\" \/>\n<meta property=\"og:description\" content=\"Transporte de elementos prefabricados de hormig\u00f3n +34 613 29 93 14\u00a0 Nos sentimos como en casa en las obras europeas. Somos su socio fuerte para la log\u00edstica en el sector de la construcci\u00f3n. Tanto en Polonia como en toda Europa. Nuestra tecnolog\u00eda de veh\u00edculos est\u00e1 especializada en la industria de la prefabricaci\u00f3n, con sus requisitos [&hellip;]\" \/>\n<meta property=\"og:url\" content=\"https:\/\/formee.es\/index.php\/transporte\/\" \/>\n<meta property=\"og:site_name\" content=\"Formee\" \/>\n<meta property=\"article:modified_time\" content=\"2025-08-28T10:24:42+00:00\" \/>\n<meta property=\"og:image\" content=\"https:\/\/formee.es\/wp-content\/uploads\/elementor\/thumbs\/dalej-r6f1b61hhj5gbdm1dcreae4zf4i4lj2o80xkl64lj4.png\" \/>\n<meta name=\"twitter:card\" content=\"summary_large_image\" \/>\n<meta name=\"twitter:label1\" content=\"Szacowany czas czytania\" \/>\n\t<meta name=\"twitter:data1\" content=\"2 minuty\" \/>\n<script type=\"application\/ld+json\" class=\"yoast-schema-graph\">{\"@context\":\"https:\/\/schema.org\",\"@graph\":[{\"@type\":\"WebPage\",\"@id\":\"https:\/\/formee.es\/index.php\/transporte\/\",\"url\":\"https:\/\/formee.es\/index.php\/transporte\/\",\"name\":\"Transporte - Formee\",\"isPartOf\":{\"@id\":\"https:\/\/formee.es\/#website\"},\"primaryImageOfPage\":{\"@id\":\"https:\/\/formee.es\/index.php\/transporte\/#primaryimage\"},\"image\":{\"@id\":\"https:\/\/formee.es\/index.php\/transporte\/#primaryimage\"},\"thumbnailUrl\":\"https:\/\/formee.es\/wp-content\/uploads\/elementor\/thumbs\/dalej-r6f1b61hhj5gbdm1dcreae4zf4i4lj2o80xkl64lj4.png\",\"datePublished\":\"2025-06-02T07:57:47+00:00\",\"dateModified\":\"2025-08-28T10:24:42+00:00\",\"breadcrumb\":{\"@id\":\"https:\/\/formee.es\/index.php\/transporte\/#breadcrumb\"},\"inLanguage\":\"pl-PL\",\"potentialAction\":[{\"@type\":\"ReadAction\",\"target\":[\"https:\/\/formee.es\/index.php\/transporte\/\"]}]},{\"@type\":\"ImageObject\",\"inLanguage\":\"pl-PL\",\"@id\":\"https:\/\/formee.es\/index.php\/transporte\/#primaryimage\",\"url\":\"https:\/\/formee.es\/wp-content\/uploads\/elementor\/thumbs\/dalej-r6f1b61hhj5gbdm1dcreae4zf4i4lj2o80xkl64lj4.png\",\"contentUrl\":\"https:\/\/formee.es\/wp-content\/uploads\/elementor\/thumbs\/dalej-r6f1b61hhj5gbdm1dcreae4zf4i4lj2o80xkl64lj4.png\"},{\"@type\":\"BreadcrumbList\",\"@id\":\"https:\/\/formee.es\/index.php\/transporte\/#breadcrumb\",\"itemListElement\":[{\"@type\":\"ListItem\",\"position\":1,\"name\":\"Strona g\u0142\u00f3wna\",\"item\":\"https:\/\/formee.es\/\"},{\"@type\":\"ListItem\",\"position\":2,\"name\":\"Transporte\"}]},{\"@type\":\"WebSite\",\"@id\":\"https:\/\/formee.es\/#website\",\"url\":\"https:\/\/formee.es\/\",\"name\":\"Formee\",\"description\":\"\",\"publisher\":{\"@id\":\"https:\/\/formee.es\/#organization\"},\"potentialAction\":[{\"@type\":\"SearchAction\",\"target\":{\"@type\":\"EntryPoint\",\"urlTemplate\":\"https:\/\/formee.es\/?s={search_term_string}\"},\"query-input\":{\"@type\":\"PropertyValueSpecification\",\"valueRequired\":true,\"valueName\":\"search_term_string\"}}],\"inLanguage\":\"pl-PL\"},{\"@type\":\"Organization\",\"@id\":\"https:\/\/formee.es\/#organization\",\"name\":\"Formee\",\"url\":\"https:\/\/formee.es\/\",\"logo\":{\"@type\":\"ImageObject\",\"inLanguage\":\"pl-PL\",\"@id\":\"https:\/\/formee.es\/#\/schema\/logo\/image\/\",\"url\":\"https:\/\/formee.es\/wp-content\/uploads\/2025\/05\/FORMEE_LOGOTYPE_RGB_FORMEE_signet.png\",\"contentUrl\":\"https:\/\/formee.es\/wp-content\/uploads\/2025\/05\/FORMEE_LOGOTYPE_RGB_FORMEE_signet.png\",\"width\":1178,\"height\":1156,\"caption\":\"Formee\"},\"image\":{\"@id\":\"https:\/\/formee.es\/#\/schema\/logo\/image\/\"}}]}<\/script>\n<!-- \/ Yoast SEO plugin. -->","yoast_head_json":{"title":"Transporte - Formee","robots":{"index":"index","follow":"follow","max-snippet":"max-snippet:-1","max-image-preview":"max-image-preview:large","max-video-preview":"max-video-preview:-1"},"canonical":"https:\/\/formee.es\/index.php\/transporte\/","og_locale":"pl_PL","og_type":"article","og_title":"Transporte - Formee","og_description":"Transporte de elementos prefabricados de hormig\u00f3n +34 613 29 93 14\u00a0 Nos sentimos como en casa en las obras europeas. Somos su socio fuerte para la log\u00edstica en el sector de la construcci\u00f3n. Tanto en Polonia como en toda Europa. Nuestra tecnolog\u00eda de veh\u00edculos est\u00e1 especializada en la industria de la prefabricaci\u00f3n, con sus requisitos [&hellip;]","og_url":"https:\/\/formee.es\/index.php\/transporte\/","og_site_name":"Formee","article_modified_time":"2025-08-28T10:24:42+00:00","og_image":[{"url":"https:\/\/formee.es\/wp-content\/uploads\/elementor\/thumbs\/dalej-r6f1b61hhj5gbdm1dcreae4zf4i4lj2o80xkl64lj4.png","type":"","width":"","height":""}],"twitter_card":"summary_large_image","twitter_misc":{"Szacowany czas czytania":"2 minuty"},"schema":{"@context":"https:\/\/schema.org","@graph":[{"@type":"WebPage","@id":"https:\/\/formee.es\/index.php\/transporte\/","url":"https:\/\/formee.es\/index.php\/transporte\/","name":"Transporte - Formee","isPartOf":{"@id":"https:\/\/formee.es\/#website"},"primaryImageOfPage":{"@id":"https:\/\/formee.es\/index.php\/transporte\/#primaryimage"},"image":{"@id":"https:\/\/formee.es\/index.php\/transporte\/#primaryimage"},"thumbnailUrl":"https:\/\/formee.es\/wp-content\/uploads\/elementor\/thumbs\/dalej-r6f1b61hhj5gbdm1dcreae4zf4i4lj2o80xkl64lj4.png","datePublished":"2025-06-02T07:57:47+00:00","dateModified":"2025-08-28T10:24:42+00:00","breadcrumb":{"@id":"https:\/\/formee.es\/index.php\/transporte\/#breadcrumb"},"inLanguage":"pl-PL","potentialAction":[{"@type":"ReadAction","target":["https:\/\/formee.es\/index.php\/transporte\/"]}]},{"@type":"ImageObject","inLanguage":"pl-PL","@id":"https:\/\/formee.es\/index.php\/transporte\/#primaryimage","url":"https:\/\/formee.es\/wp-content\/uploads\/elementor\/thumbs\/dalej-r6f1b61hhj5gbdm1dcreae4zf4i4lj2o80xkl64lj4.png","contentUrl":"https:\/\/formee.es\/wp-content\/uploads\/elementor\/thumbs\/dalej-r6f1b61hhj5gbdm1dcreae4zf4i4lj2o80xkl64lj4.png"},{"@type":"BreadcrumbList","@id":"https:\/\/formee.es\/index.php\/transporte\/#breadcrumb","itemListElement":[{"@type":"ListItem","position":1,"name":"Strona g\u0142\u00f3wna","item":"https:\/\/formee.es\/"},{"@type":"ListItem","position":2,"name":"Transporte"}]},{"@type":"WebSite","@id":"https:\/\/formee.es\/#website","url":"https:\/\/formee.es\/","name":"Formee","description":"","publisher":{"@id":"https:\/\/formee.es\/#organization"},"potentialAction":[{"@type":"SearchAction","target":{"@type":"EntryPoint","urlTemplate":"https:\/\/formee.es\/?s={search_term_string}"},"query-input":{"@type":"PropertyValueSpecification","valueRequired":true,"valueName":"search_term_string"}}],"inLanguage":"pl-PL"},{"@type":"Organization","@id":"https:\/\/formee.es\/#organization","name":"Formee","url":"https:\/\/formee.es\/","logo":{"@type":"ImageObject","inLanguage":"pl-PL","@id":"https:\/\/formee.es\/#\/schema\/logo\/image\/","url":"https:\/\/formee.es\/wp-content\/uploads\/2025\/05\/FORMEE_LOGOTYPE_RGB_FORMEE_signet.png","contentUrl":"https:\/\/formee.es\/wp-content\/uploads\/2025\/05\/FORMEE_LOGOTYPE_RGB_FORMEE_signet.png","width":1178,"height":1156,"caption":"Formee"},"image":{"@id":"https:\/\/formee.es\/#\/schema\/logo\/image\/"}}]}},"_links":{"self":[{"href":"https:\/\/formee.es\/index.php\/wp-json\/wp\/v2\/pages\/7990","targetHints":{"allow":["GET"]}}],"collection":[{"href":"https:\/\/formee.es\/index.php\/wp-json\/wp\/v2\/pages"}],"about":[{"href":"https:\/\/formee.es\/index.php\/wp-json\/wp\/v2\/types\/page"}],"author":[{"embeddable":true,"href":"https:\/\/formee.es\/index.php\/wp-json\/wp\/v2\/users\/1"}],"replies":[{"embeddable":true,"href":"https:\/\/formee.es\/index.php\/wp-json\/wp\/v2\/comments?post=7990"}],"version-history":[{"count":11,"href":"https:\/\/formee.es\/index.php\/wp-json\/wp\/v2\/pages\/7990\/revisions"}],"predecessor-version":[{"id":8518,"href":"https:\/\/formee.es\/index.php\/wp-json\/wp\/v2\/pages\/7990\/revisions\/8518"}],"wp:attachment":[{"href":"https:\/\/formee.es\/index.php\/wp-json\/wp\/v2\/media?parent=7990"}],"curies":[{"name":"wp","href":"https:\/\/api.w.org\/{rel}","templated":true}]}}