{"id":8052,"date":"2025-06-02T10:48:55","date_gmt":"2025-06-02T08:48:55","guid":{"rendered":"https:\/\/formee.es\/?page_id=8052"},"modified":"2025-08-28T12:35:36","modified_gmt":"2025-08-28T10:35:36","slug":"viga-prefabricada-de-hormigon","status":"publish","type":"page","link":"https:\/\/formee.es\/index.php\/viga-prefabricada-de-hormigon\/","title":{"rendered":"Viga prefabricada de hormig\u00f3n"},"content":{"rendered":"\t\t<div data-elementor-type=\"wp-page\" data-elementor-id=\"8052\" class=\"elementor elementor-8052\">\n\t\t\t\t\t\t<section class=\"elementor-section elementor-top-section elementor-element elementor-element-1857ba06 elementor-section-height-min-height elementor-section-boxed elementor-section-height-default elementor-section-items-middle\" data-id=\"1857ba06\" data-element_type=\"section\" data-settings=\"{&quot;background_background&quot;:&quot;classic&quot;}\">\n\t\t\t\t\t\t\t<div class=\"elementor-background-overlay\"><\/div>\n\t\t\t\t\t\t\t<div class=\"elementor-container elementor-column-gap-extended\">\n\t\t\t\t\t<div class=\"elementor-column elementor-col-100 elementor-top-column elementor-element elementor-element-7eac69a0\" data-id=\"7eac69a0\" data-element_type=\"column\">\n\t\t\t<div class=\"elementor-widget-wrap elementor-element-populated\">\n\t\t\t\t<div class=\"elementor-element elementor-element-3111594d e-flex e-con-boxed e-con e-parent\" data-id=\"3111594d\" data-element_type=\"container\">\n\t\t\t\t\t<div class=\"e-con-inner\">\n\t\t<div class=\"elementor-element elementor-element-45662f11 e-flex e-con-boxed e-con e-child\" data-id=\"45662f11\" data-element_type=\"container\">\n\t\t\t\t\t<div class=\"e-con-inner\">\n\t\t\t\t<div class=\"elementor-element elementor-element-45f1b61d elementor-widget elementor-widget-text-editor\" data-id=\"45f1b61d\" data-element_type=\"widget\" data-widget_type=\"text-editor.default\">\n\t\t\t\t<div class=\"elementor-widget-container\">\n\t\t\t\t\t\t\t\t\t<h1><strong style=\"color: white; font-size: 40px;\">\nViga prefabricada<\/strong><\/h1>\n<h1>de hormig\u00f3n<\/h1>\t\t\t\t\t\t\t\t<\/div>\n\t\t\t\t<\/div>\n\t\t<div class=\"elementor-element elementor-element-4ad9245e e-flex e-con-boxed e-con e-child\" data-id=\"4ad9245e\" data-element_type=\"container\">\n\t\t\t\t\t<div class=\"e-con-inner\">\n\t\t\t\t<div class=\"elementor-element elementor-element-764ed9fc elementor-widget elementor-widget-button\" data-id=\"764ed9fc\" data-element_type=\"widget\" data-widget_type=\"button.default\">\n\t\t\t\t<div class=\"elementor-widget-container\">\n\t\t\t\t\t\t\t\t\t<div class=\"elementor-button-wrapper\">\n\t\t\t\t\t<a class=\"elementor-button elementor-button-link elementor-size-sm\" href=\"tel:+34%20613%2029%2093%2014\u00a0\">\n\t\t\t\t\t\t<span class=\"elementor-button-content-wrapper\">\n\t\t\t\t\t\t<span class=\"elementor-button-icon\">\n\t\t\t\t<svg aria-hidden=\"true\" class=\"e-font-icon-svg e-fab-rocketchat\" viewBox=\"0 0 576 512\" xmlns=\"http:\/\/www.w3.org\/2000\/svg\"><path d=\"M284.046,224.8a34.114,34.114,0,1,0,34.317,34.113A34.217,34.217,0,0,0,284.046,224.8Zm-110.45,0a34.114,34.114,0,1,0,34.317,34.113A34.217,34.217,0,0,0,173.6,224.8Zm220.923,0a34.114,34.114,0,1,0,34.317,34.113A34.215,34.215,0,0,0,394.519,224.8Zm153.807-55.319c-15.535-24.172-37.31-45.57-64.681-63.618-52.886-34.817-122.374-54-195.666-54a405.975,405.975,0,0,0-72.032,6.357,238.524,238.524,0,0,0-49.51-36.588C99.684-11.7,40.859.711,11.135,11.421A14.291,14.291,0,0,0,5.58,34.782C26.542,56.458,61.222,99.3,52.7,138.252c-33.142,33.9-51.112,74.776-51.112,117.337,0,43.372,17.97,84.248,51.112,118.148,8.526,38.956-26.154,81.816-47.116,103.491a14.284,14.284,0,0,0,5.555,23.34c29.724,10.709,88.549,23.147,155.324-10.2a238.679,238.679,0,0,0,49.51-36.589A405.972,405.972,0,0,0,288,460.14c73.313,0,142.8-19.159,195.667-53.975,27.371-18.049,49.145-39.426,64.679-63.619,17.309-26.923,26.07-55.916,26.07-86.125C574.394,225.4,565.634,196.43,548.326,169.485ZM284.987,409.9a345.65,345.65,0,0,1-89.446-11.5l-20.129,19.393a184.366,184.366,0,0,1-37.138,27.585,145.767,145.767,0,0,1-52.522,14.87c.983-1.771,1.881-3.563,2.842-5.356q30.258-55.68,16.325-100.078c-32.992-25.962-52.778-59.2-52.778-95.4,0-83.1,104.254-150.469,232.846-150.469s232.867,67.373,232.867,150.469C517.854,342.525,413.6,409.9,284.987,409.9Z\"><\/path><\/svg>\t\t\t<\/span>\n\t\t\t\t\t\t\t\t\t<span class=\"elementor-button-text\">+34 613 29 93 14\u00a0<\/span>\n\t\t\t\t\t<\/span>\n\t\t\t\t\t<\/a>\n\t\t\t\t<\/div>\n\t\t\t\t\t\t\t\t<\/div>\n\t\t\t\t<\/div>\n\t\t\t\t\t<\/div>\n\t\t\t\t<\/div>\n\t\t\t\t\t<\/div>\n\t\t\t\t<\/div>\n\t\t\t\t\t<\/div>\n\t\t\t\t<\/div>\n\t\t\t\t\t<\/div>\n\t\t<\/div>\n\t\t\t\t\t<\/div>\n\t\t<\/section>\n\t\t\t\t<section class=\"elementor-section elementor-top-section elementor-element elementor-element-93b499d elementor-section-boxed elementor-section-height-default elementor-section-height-default\" data-id=\"93b499d\" data-element_type=\"section\">\n\t\t\t\t\t\t<div class=\"elementor-container elementor-column-gap-default\">\n\t\t\t\t\t<div class=\"elementor-column elementor-col-100 elementor-top-column elementor-element elementor-element-589a023a\" data-id=\"589a023a\" data-element_type=\"column\">\n\t\t\t<div class=\"elementor-widget-wrap elementor-element-populated\">\n\t\t\t\t\t\t<section class=\"elementor-section elementor-inner-section elementor-element elementor-element-7338715a elementor-section-boxed elementor-section-height-default elementor-section-height-default\" data-id=\"7338715a\" data-element_type=\"section\">\n\t\t\t\t\t\t<div class=\"elementor-container elementor-column-gap-default\">\n\t\t\t\t\t<div class=\"elementor-column elementor-col-50 elementor-inner-column elementor-element elementor-element-55dbea38\" data-id=\"55dbea38\" data-element_type=\"column\">\n\t\t\t<div class=\"elementor-widget-wrap elementor-element-populated\">\n\t\t\t\t\t\t<div class=\"elementor-element elementor-element-6b9dd660 elementor-widget elementor-widget-heading\" data-id=\"6b9dd660\" data-element_type=\"widget\" data-widget_type=\"heading.default\">\n\t\t\t\t<div class=\"elementor-widget-container\">\n\t\t\t\t\t<h2 class=\"elementor-heading-title elementor-size-default\"><b>Vigas <\/b><\/br>\nprefabricadas de hormig\u00f3n<\/h2>\t\t\t\t<\/div>\n\t\t\t\t<\/div>\n\t\t\t\t\t<\/div>\n\t\t<\/div>\n\t\t\t\t<div class=\"elementor-column elementor-col-50 elementor-inner-column elementor-element elementor-element-22f28c45\" data-id=\"22f28c45\" data-element_type=\"column\">\n\t\t\t<div class=\"elementor-widget-wrap\">\n\t\t\t\t\t\t\t<\/div>\n\t\t<\/div>\n\t\t\t\t\t<\/div>\n\t\t<\/section>\n\t\t\t\t<section class=\"elementor-section elementor-inner-section elementor-element elementor-element-45fae443 elementor-section-boxed elementor-section-height-default elementor-section-height-default\" data-id=\"45fae443\" data-element_type=\"section\">\n\t\t\t\t\t\t<div class=\"elementor-container elementor-column-gap-default\">\n\t\t\t\t\t<div class=\"elementor-column elementor-col-50 elementor-inner-column elementor-element elementor-element-2581880a\" data-id=\"2581880a\" data-element_type=\"column\">\n\t\t\t<div class=\"elementor-widget-wrap elementor-element-populated\">\n\t\t\t\t\t\t<div class=\"elementor-element elementor-element-a5b8a5f elementor-hidden-mobile elementor-widget elementor-widget-image\" data-id=\"a5b8a5f\" data-element_type=\"widget\" data-widget_type=\"image.default\">\n\t\t\t\t<div class=\"elementor-widget-container\">\n\t\t\t\t\t\t\t\t\t\t\t\t\t\t\t<img decoding=\"async\" src=\"https:\/\/formee.es\/wp-content\/uploads\/elementor\/thumbs\/dalej-r6f1b61hhj5gbdm1dcreae4zf4i4lj2o80xkl64lj4.png\" title=\"dalej.png\" alt=\"dalej.png\" loading=\"lazy\" \/>\t\t\t\t\t\t\t\t\t\t\t\t\t\t\t<\/div>\n\t\t\t\t<\/div>\n\t\t\t\t\t<\/div>\n\t\t<\/div>\n\t\t\t\t<div class=\"elementor-column elementor-col-50 elementor-inner-column elementor-element elementor-element-22f444e2\" data-id=\"22f444e2\" data-element_type=\"column\">\n\t\t\t<div class=\"elementor-widget-wrap elementor-element-populated\">\n\t\t\t\t\t\t<div class=\"elementor-element elementor-element-116bf90 elementor-widget elementor-widget-text-editor\" data-id=\"116bf90\" data-element_type=\"widget\" data-widget_type=\"text-editor.default\">\n\t\t\t\t<div class=\"elementor-widget-container\">\n\t\t\t\t\t\t\t\t\t<p>Descubre las ventajas de las vigas prefabricadas y semiprefabricadas de hormig\u00f3n, soluciones revolucionarias para la construcci\u00f3n. Estas permiten un avance r\u00e1pido en las obras, minimizando el tiempo de construcci\u00f3n. Gracias a la tecnolog\u00eda avanzada de producci\u00f3n, garantizan solidez y durabilidad en las estructuras. El dise\u00f1o se vuelve m\u00e1s flexible y la ecolog\u00eda es nuestra misi\u00f3n: reducci\u00f3n de residuos y menor consumo de materias primas. Elige innovaci\u00f3n y eficiencia para el futuro de tus proyectos.<\/p>\t\t\t\t\t\t\t\t<\/div>\n\t\t\t\t<\/div>\n\t\t\t\t<div class=\"elementor-element elementor-element-1f23aed0 elementor-widget__width-initial elementor-widget elementor-widget-text-editor\" data-id=\"1f23aed0\" data-element_type=\"widget\" data-widget_type=\"text-editor.default\">\n\t\t\t\t<div class=\"elementor-widget-container\">\n\t\t\t\t\t\t\t\t\tDistingimos dos tipos de vigas prefabricadas de hormig\u00f3n:\n<ul>\n \t<li>Semiprefabricadas \u2013 fabricadas como elementos con armaduras sobresalientes para su uni\u00f3n en obra con el forjado;<\/li>\n \t<li>Prefabricadas \u2013 producidas como elementos completos listos para su montaje. Estos pueden instalarse como apoyos simples o empotrados. La gran flexibilidad en la forma facilita la fabricaci\u00f3n de los elementos seg\u00fan las especificaciones del cliente.<\/li>\n<\/ul>\t\t\t\t\t\t\t\t<\/div>\n\t\t\t\t<\/div>\n\t\t\t\t\t<\/div>\n\t\t<\/div>\n\t\t\t\t\t<\/div>\n\t\t<\/section>\n\t\t\t\t<section class=\"elementor-section elementor-inner-section elementor-element elementor-element-18447885 elementor-section-boxed elementor-section-height-default elementor-section-height-default\" data-id=\"18447885\" data-element_type=\"section\">\n\t\t\t\t\t\t<div class=\"elementor-container elementor-column-gap-default\">\n\t\t\t\t\t<div class=\"elementor-column elementor-col-50 elementor-inner-column elementor-element elementor-element-1e40d822\" data-id=\"1e40d822\" data-element_type=\"column\">\n\t\t\t<div class=\"elementor-widget-wrap elementor-element-populated\">\n\t\t\t\t\t\t<div class=\"elementor-element elementor-element-530d797d elementor-widget elementor-widget-image\" data-id=\"530d797d\" data-element_type=\"widget\" data-widget_type=\"image.default\">\n\t\t\t\t<div class=\"elementor-widget-container\">\n\t\t\t\t\t\t\t\t\t\t\t\t\t\t\t<img fetchpriority=\"high\" decoding=\"async\" width=\"800\" height=\"516\" src=\"https:\/\/formee.es\/wp-content\/uploads\/2025\/06\/belki-1024x660.png\" class=\"attachment-large size-large wp-image-8054\" alt=\"\" srcset=\"https:\/\/formee.es\/wp-content\/uploads\/2025\/06\/belki-1024x660.png 1024w, https:\/\/formee.es\/wp-content\/uploads\/2025\/06\/belki-300x193.png 300w, https:\/\/formee.es\/wp-content\/uploads\/2025\/06\/belki-768x495.png 768w, https:\/\/formee.es\/wp-content\/uploads\/2025\/06\/belki.png 1325w\" sizes=\"(max-width: 800px) 100vw, 800px\" \/>\t\t\t\t\t\t\t\t\t\t\t\t\t\t\t<\/div>\n\t\t\t\t<\/div>\n\t\t\t\t\t<\/div>\n\t\t<\/div>\n\t\t\t\t<div class=\"elementor-column elementor-col-50 elementor-inner-column elementor-element elementor-element-1df0a800\" data-id=\"1df0a800\" data-element_type=\"column\">\n\t\t\t<div class=\"elementor-widget-wrap elementor-element-populated\">\n\t\t\t\t\t\t<div class=\"elementor-element elementor-element-6584a522 elementor-widget elementor-widget-text-editor\" data-id=\"6584a522\" data-element_type=\"widget\" data-widget_type=\"text-editor.default\">\n\t\t\t\t<div class=\"elementor-widget-container\">\n\t\t\t\t\t\t\t\t\t<b>APLICACIONES:<\/b>\n<ul>\n \t<li>Edificios residenciales;<\/li>\n \t<li>Edificios ganaderos;<\/li>\n \t<li>Edificios industriales.<\/li>\n<\/ul>\t\t\t\t\t\t\t\t<\/div>\n\t\t\t\t<\/div>\n\t\t\t\t<div class=\"elementor-element elementor-element-76f8553 elementor-widget elementor-widget-text-editor\" data-id=\"76f8553\" data-element_type=\"widget\" data-widget_type=\"text-editor.default\">\n\t\t\t\t<div class=\"elementor-widget-container\">\n\t\t\t\t\t\t\t\t\t<b>DATOS T\u00c9CNICOS B\u00c1SICOS:<\/b>\n<ul>\n \t<li>Norma armonizada de referencia: PN EN 13225:2013;<\/li>\n \t<li>Resistencia al fuego: R60-R240 [min].<\/li>\n<\/ul>\t\t\t\t\t\t\t\t<\/div>\n\t\t\t\t<\/div>\n\t\t\t\t\t<\/div>\n\t\t<\/div>\n\t\t\t\t\t<\/div>\n\t\t<\/section>\n\t\t\t\t\t<\/div>\n\t\t<\/div>\n\t\t\t\t\t<\/div>\n\t\t<\/section>\n\t\t\t\t<\/div>\n\t\t","protected":false},"excerpt":{"rendered":"<p>Viga prefabricada de hormig\u00f3n +34 613 29 93 14\u00a0 Vigas prefabricadas de hormig\u00f3n Descubre las ventajas de las vigas prefabricadas y semiprefabricadas de hormig\u00f3n, soluciones revolucionarias para la construcci\u00f3n. Estas permiten un avance r\u00e1pido en las obras, minimizando el tiempo de construcci\u00f3n. Gracias a la tecnolog\u00eda avanzada de producci\u00f3n, garantizan solidez y durabilidad en las [&hellip;]<\/p>\n","protected":false},"author":1,"featured_media":0,"parent":0,"menu_order":0,"comment_status":"closed","ping_status":"closed","template":"","meta":{"footnotes":""},"class_list":["post-8052","page","type-page","status-publish","hentry"],"yoast_head":"<!-- This site is optimized with the Yoast SEO plugin v25.8 - https:\/\/yoast.com\/wordpress\/plugins\/seo\/ -->\n<title>Viga prefabricada de hormig\u00f3n - Formee<\/title>\n<meta name=\"robots\" content=\"index, follow, max-snippet:-1, max-image-preview:large, max-video-preview:-1\" \/>\n<link rel=\"canonical\" href=\"https:\/\/formee.es\/index.php\/viga-prefabricada-de-hormigon\/\" \/>\n<meta property=\"og:locale\" content=\"pl_PL\" \/>\n<meta property=\"og:type\" content=\"article\" \/>\n<meta property=\"og:title\" content=\"Viga prefabricada de hormig\u00f3n - Formee\" \/>\n<meta property=\"og:description\" content=\"Viga prefabricada de hormig\u00f3n +34 613 29 93 14\u00a0 Vigas prefabricadas de hormig\u00f3n Descubre las ventajas de las vigas prefabricadas y semiprefabricadas de hormig\u00f3n, soluciones revolucionarias para la construcci\u00f3n. Estas permiten un avance r\u00e1pido en las obras, minimizando el tiempo de construcci\u00f3n. Gracias a la tecnolog\u00eda avanzada de producci\u00f3n, garantizan solidez y durabilidad en las [&hellip;]\" \/>\n<meta property=\"og:url\" content=\"https:\/\/formee.es\/index.php\/viga-prefabricada-de-hormigon\/\" \/>\n<meta property=\"og:site_name\" content=\"Formee\" \/>\n<meta property=\"article:modified_time\" content=\"2025-08-28T10:35:36+00:00\" \/>\n<meta property=\"og:image\" content=\"https:\/\/formee.es\/wp-content\/uploads\/elementor\/thumbs\/dalej-r6f1b61hhj5gbdm1dcreae4zf4i4lj2o80xkl64lj4.png\" \/>\n<meta name=\"twitter:card\" content=\"summary_large_image\" \/>\n<meta name=\"twitter:label1\" content=\"Szacowany czas czytania\" \/>\n\t<meta name=\"twitter:data1\" content=\"2 minuty\" \/>\n<script type=\"application\/ld+json\" class=\"yoast-schema-graph\">{\"@context\":\"https:\/\/schema.org\",\"@graph\":[{\"@type\":\"WebPage\",\"@id\":\"https:\/\/formee.es\/index.php\/viga-prefabricada-de-hormigon\/\",\"url\":\"https:\/\/formee.es\/index.php\/viga-prefabricada-de-hormigon\/\",\"name\":\"Viga prefabricada de hormig\u00f3n - Formee\",\"isPartOf\":{\"@id\":\"https:\/\/formee.es\/#website\"},\"primaryImageOfPage\":{\"@id\":\"https:\/\/formee.es\/index.php\/viga-prefabricada-de-hormigon\/#primaryimage\"},\"image\":{\"@id\":\"https:\/\/formee.es\/index.php\/viga-prefabricada-de-hormigon\/#primaryimage\"},\"thumbnailUrl\":\"https:\/\/formee.es\/wp-content\/uploads\/elementor\/thumbs\/dalej-r6f1b61hhj5gbdm1dcreae4zf4i4lj2o80xkl64lj4.png\",\"datePublished\":\"2025-06-02T08:48:55+00:00\",\"dateModified\":\"2025-08-28T10:35:36+00:00\",\"breadcrumb\":{\"@id\":\"https:\/\/formee.es\/index.php\/viga-prefabricada-de-hormigon\/#breadcrumb\"},\"inLanguage\":\"pl-PL\",\"potentialAction\":[{\"@type\":\"ReadAction\",\"target\":[\"https:\/\/formee.es\/index.php\/viga-prefabricada-de-hormigon\/\"]}]},{\"@type\":\"ImageObject\",\"inLanguage\":\"pl-PL\",\"@id\":\"https:\/\/formee.es\/index.php\/viga-prefabricada-de-hormigon\/#primaryimage\",\"url\":\"https:\/\/formee.es\/wp-content\/uploads\/elementor\/thumbs\/dalej-r6f1b61hhj5gbdm1dcreae4zf4i4lj2o80xkl64lj4.png\",\"contentUrl\":\"https:\/\/formee.es\/wp-content\/uploads\/elementor\/thumbs\/dalej-r6f1b61hhj5gbdm1dcreae4zf4i4lj2o80xkl64lj4.png\"},{\"@type\":\"BreadcrumbList\",\"@id\":\"https:\/\/formee.es\/index.php\/viga-prefabricada-de-hormigon\/#breadcrumb\",\"itemListElement\":[{\"@type\":\"ListItem\",\"position\":1,\"name\":\"Strona g\u0142\u00f3wna\",\"item\":\"https:\/\/formee.es\/\"},{\"@type\":\"ListItem\",\"position\":2,\"name\":\"Viga prefabricada de hormig\u00f3n\"}]},{\"@type\":\"WebSite\",\"@id\":\"https:\/\/formee.es\/#website\",\"url\":\"https:\/\/formee.es\/\",\"name\":\"Formee\",\"description\":\"\",\"publisher\":{\"@id\":\"https:\/\/formee.es\/#organization\"},\"potentialAction\":[{\"@type\":\"SearchAction\",\"target\":{\"@type\":\"EntryPoint\",\"urlTemplate\":\"https:\/\/formee.es\/?s={search_term_string}\"},\"query-input\":{\"@type\":\"PropertyValueSpecification\",\"valueRequired\":true,\"valueName\":\"search_term_string\"}}],\"inLanguage\":\"pl-PL\"},{\"@type\":\"Organization\",\"@id\":\"https:\/\/formee.es\/#organization\",\"name\":\"Formee\",\"url\":\"https:\/\/formee.es\/\",\"logo\":{\"@type\":\"ImageObject\",\"inLanguage\":\"pl-PL\",\"@id\":\"https:\/\/formee.es\/#\/schema\/logo\/image\/\",\"url\":\"https:\/\/formee.es\/wp-content\/uploads\/2025\/05\/FORMEE_LOGOTYPE_RGB_FORMEE_signet.png\",\"contentUrl\":\"https:\/\/formee.es\/wp-content\/uploads\/2025\/05\/FORMEE_LOGOTYPE_RGB_FORMEE_signet.png\",\"width\":1178,\"height\":1156,\"caption\":\"Formee\"},\"image\":{\"@id\":\"https:\/\/formee.es\/#\/schema\/logo\/image\/\"}}]}<\/script>\n<!-- \/ Yoast SEO plugin. -->","yoast_head_json":{"title":"Viga prefabricada de hormig\u00f3n - Formee","robots":{"index":"index","follow":"follow","max-snippet":"max-snippet:-1","max-image-preview":"max-image-preview:large","max-video-preview":"max-video-preview:-1"},"canonical":"https:\/\/formee.es\/index.php\/viga-prefabricada-de-hormigon\/","og_locale":"pl_PL","og_type":"article","og_title":"Viga prefabricada de hormig\u00f3n - Formee","og_description":"Viga prefabricada de hormig\u00f3n +34 613 29 93 14\u00a0 Vigas prefabricadas de hormig\u00f3n Descubre las ventajas de las vigas prefabricadas y semiprefabricadas de hormig\u00f3n, soluciones revolucionarias para la construcci\u00f3n. Estas permiten un avance r\u00e1pido en las obras, minimizando el tiempo de construcci\u00f3n. Gracias a la tecnolog\u00eda avanzada de producci\u00f3n, garantizan solidez y durabilidad en las [&hellip;]","og_url":"https:\/\/formee.es\/index.php\/viga-prefabricada-de-hormigon\/","og_site_name":"Formee","article_modified_time":"2025-08-28T10:35:36+00:00","og_image":[{"url":"https:\/\/formee.es\/wp-content\/uploads\/elementor\/thumbs\/dalej-r6f1b61hhj5gbdm1dcreae4zf4i4lj2o80xkl64lj4.png","type":"","width":"","height":""}],"twitter_card":"summary_large_image","twitter_misc":{"Szacowany czas czytania":"2 minuty"},"schema":{"@context":"https:\/\/schema.org","@graph":[{"@type":"WebPage","@id":"https:\/\/formee.es\/index.php\/viga-prefabricada-de-hormigon\/","url":"https:\/\/formee.es\/index.php\/viga-prefabricada-de-hormigon\/","name":"Viga prefabricada de hormig\u00f3n - Formee","isPartOf":{"@id":"https:\/\/formee.es\/#website"},"primaryImageOfPage":{"@id":"https:\/\/formee.es\/index.php\/viga-prefabricada-de-hormigon\/#primaryimage"},"image":{"@id":"https:\/\/formee.es\/index.php\/viga-prefabricada-de-hormigon\/#primaryimage"},"thumbnailUrl":"https:\/\/formee.es\/wp-content\/uploads\/elementor\/thumbs\/dalej-r6f1b61hhj5gbdm1dcreae4zf4i4lj2o80xkl64lj4.png","datePublished":"2025-06-02T08:48:55+00:00","dateModified":"2025-08-28T10:35:36+00:00","breadcrumb":{"@id":"https:\/\/formee.es\/index.php\/viga-prefabricada-de-hormigon\/#breadcrumb"},"inLanguage":"pl-PL","potentialAction":[{"@type":"ReadAction","target":["https:\/\/formee.es\/index.php\/viga-prefabricada-de-hormigon\/"]}]},{"@type":"ImageObject","inLanguage":"pl-PL","@id":"https:\/\/formee.es\/index.php\/viga-prefabricada-de-hormigon\/#primaryimage","url":"https:\/\/formee.es\/wp-content\/uploads\/elementor\/thumbs\/dalej-r6f1b61hhj5gbdm1dcreae4zf4i4lj2o80xkl64lj4.png","contentUrl":"https:\/\/formee.es\/wp-content\/uploads\/elementor\/thumbs\/dalej-r6f1b61hhj5gbdm1dcreae4zf4i4lj2o80xkl64lj4.png"},{"@type":"BreadcrumbList","@id":"https:\/\/formee.es\/index.php\/viga-prefabricada-de-hormigon\/#breadcrumb","itemListElement":[{"@type":"ListItem","position":1,"name":"Strona g\u0142\u00f3wna","item":"https:\/\/formee.es\/"},{"@type":"ListItem","position":2,"name":"Viga prefabricada de hormig\u00f3n"}]},{"@type":"WebSite","@id":"https:\/\/formee.es\/#website","url":"https:\/\/formee.es\/","name":"Formee","description":"","publisher":{"@id":"https:\/\/formee.es\/#organization"},"potentialAction":[{"@type":"SearchAction","target":{"@type":"EntryPoint","urlTemplate":"https:\/\/formee.es\/?s={search_term_string}"},"query-input":{"@type":"PropertyValueSpecification","valueRequired":true,"valueName":"search_term_string"}}],"inLanguage":"pl-PL"},{"@type":"Organization","@id":"https:\/\/formee.es\/#organization","name":"Formee","url":"https:\/\/formee.es\/","logo":{"@type":"ImageObject","inLanguage":"pl-PL","@id":"https:\/\/formee.es\/#\/schema\/logo\/image\/","url":"https:\/\/formee.es\/wp-content\/uploads\/2025\/05\/FORMEE_LOGOTYPE_RGB_FORMEE_signet.png","contentUrl":"https:\/\/formee.es\/wp-content\/uploads\/2025\/05\/FORMEE_LOGOTYPE_RGB_FORMEE_signet.png","width":1178,"height":1156,"caption":"Formee"},"image":{"@id":"https:\/\/formee.es\/#\/schema\/logo\/image\/"}}]}},"_links":{"self":[{"href":"https:\/\/formee.es\/index.php\/wp-json\/wp\/v2\/pages\/8052","targetHints":{"allow":["GET"]}}],"collection":[{"href":"https:\/\/formee.es\/index.php\/wp-json\/wp\/v2\/pages"}],"about":[{"href":"https:\/\/formee.es\/index.php\/wp-json\/wp\/v2\/types\/page"}],"author":[{"embeddable":true,"href":"https:\/\/formee.es\/index.php\/wp-json\/wp\/v2\/users\/1"}],"replies":[{"embeddable":true,"href":"https:\/\/formee.es\/index.php\/wp-json\/wp\/v2\/comments?post=8052"}],"version-history":[{"count":11,"href":"https:\/\/formee.es\/index.php\/wp-json\/wp\/v2\/pages\/8052\/revisions"}],"predecessor-version":[{"id":8533,"href":"https:\/\/formee.es\/index.php\/wp-json\/wp\/v2\/pages\/8052\/revisions\/8533"}],"wp:attachment":[{"href":"https:\/\/formee.es\/index.php\/wp-json\/wp\/v2\/media?parent=8052"}],"curies":[{"name":"wp","href":"https:\/\/api.w.org\/{rel}","templated":true}]}}