{"id":8259,"date":"2025-06-04T08:31:20","date_gmt":"2025-06-04T06:31:20","guid":{"rendered":"https:\/\/formee.es\/?page_id=8259"},"modified":"2025-08-28T13:01:58","modified_gmt":"2025-08-28T11:01:58","slug":"accesorios-y-complementos","status":"publish","type":"page","link":"https:\/\/formee.es\/index.php\/accesorios-y-complementos\/","title":{"rendered":"Accesorios y complementos"},"content":{"rendered":"\t\t<div data-elementor-type=\"wp-page\" data-elementor-id=\"8259\" class=\"elementor elementor-8259\">\n\t\t\t\t<div class=\"elementor-element elementor-element-6ed0e26 e-flex e-con-boxed e-con e-parent\" data-id=\"6ed0e26\" data-element_type=\"container\" data-settings=\"{&quot;background_background&quot;:&quot;classic&quot;}\">\n\t\t\t\t\t<div class=\"e-con-inner\">\n\t\t<div class=\"elementor-element elementor-element-2fcf3146 e-flex e-con-boxed e-con e-child\" data-id=\"2fcf3146\" data-element_type=\"container\">\n\t\t\t\t\t<div class=\"e-con-inner\">\n\t\t<div class=\"elementor-element elementor-element-64acb27f e-con-full e-flex e-con e-child\" data-id=\"64acb27f\" data-element_type=\"container\">\n\t\t<div class=\"elementor-element elementor-element-3e19b8a0 e-con-full e-flex e-con e-child\" data-id=\"3e19b8a0\" data-element_type=\"container\">\n\t\t<div class=\"elementor-element elementor-element-15efd458 e-con-full e-flex e-con e-child\" data-id=\"15efd458\" data-element_type=\"container\">\n\t\t<div class=\"elementor-element elementor-element-7ef3a149 e-con-full e-flex e-con e-child\" data-id=\"7ef3a149\" data-element_type=\"container\">\n\t\t<div class=\"elementor-element elementor-element-7ad33211 e-con-full e-flex e-con e-child\" data-id=\"7ad33211\" data-element_type=\"container\">\n\t\t<div class=\"elementor-element elementor-element-7e2db921 e-con-full e-flex e-con e-child\" data-id=\"7e2db921\" data-element_type=\"container\">\n\t\t<div class=\"elementor-element elementor-element-375fd1fb e-con-full e-flex e-con e-child\" data-id=\"375fd1fb\" data-element_type=\"container\">\n\t\t\t\t<div class=\"elementor-element elementor-element-5ff0a1bb elementor-widget elementor-widget-heading\" data-id=\"5ff0a1bb\" data-element_type=\"widget\" data-widget_type=\"heading.default\">\n\t\t\t\t<div class=\"elementor-widget-container\">\n\t\t\t\t\t<h2 class=\"elementor-heading-title elementor-size-default\"><h1 style=\"text-transform: uppercase\"><strong style=\"color: white\">\nAccesorios  -<\/strong>\n<strong style=\"color: #D3EC28\"><br>y complementos<\/h1> <\/h2>\t\t\t\t<\/div>\n\t\t\t\t<\/div>\n\t\t\t\t<div class=\"elementor-element elementor-element-37b4f8d9 elementor-align-right elementor-widget__width-initial elementor-widget elementor-widget-button\" data-id=\"37b4f8d9\" data-element_type=\"widget\" data-widget_type=\"button.default\">\n\t\t\t\t<div class=\"elementor-widget-container\">\n\t\t\t\t\t\t\t\t\t<div class=\"elementor-button-wrapper\">\n\t\t\t\t\t<a class=\"elementor-button elementor-button-link elementor-size-sm\" href=\"tel:+34%20613%2029%2093%2014\u00a0\">\n\t\t\t\t\t\t<span class=\"elementor-button-content-wrapper\">\n\t\t\t\t\t\t<span class=\"elementor-button-icon\">\n\t\t\t\t<svg aria-hidden=\"true\" class=\"e-font-icon-svg e-fab-rocketchat\" viewBox=\"0 0 576 512\" xmlns=\"http:\/\/www.w3.org\/2000\/svg\"><path d=\"M284.046,224.8a34.114,34.114,0,1,0,34.317,34.113A34.217,34.217,0,0,0,284.046,224.8Zm-110.45,0a34.114,34.114,0,1,0,34.317,34.113A34.217,34.217,0,0,0,173.6,224.8Zm220.923,0a34.114,34.114,0,1,0,34.317,34.113A34.215,34.215,0,0,0,394.519,224.8Zm153.807-55.319c-15.535-24.172-37.31-45.57-64.681-63.618-52.886-34.817-122.374-54-195.666-54a405.975,405.975,0,0,0-72.032,6.357,238.524,238.524,0,0,0-49.51-36.588C99.684-11.7,40.859.711,11.135,11.421A14.291,14.291,0,0,0,5.58,34.782C26.542,56.458,61.222,99.3,52.7,138.252c-33.142,33.9-51.112,74.776-51.112,117.337,0,43.372,17.97,84.248,51.112,118.148,8.526,38.956-26.154,81.816-47.116,103.491a14.284,14.284,0,0,0,5.555,23.34c29.724,10.709,88.549,23.147,155.324-10.2a238.679,238.679,0,0,0,49.51-36.589A405.972,405.972,0,0,0,288,460.14c73.313,0,142.8-19.159,195.667-53.975,27.371-18.049,49.145-39.426,64.679-63.619,17.309-26.923,26.07-55.916,26.07-86.125C574.394,225.4,565.634,196.43,548.326,169.485ZM284.987,409.9a345.65,345.65,0,0,1-89.446-11.5l-20.129,19.393a184.366,184.366,0,0,1-37.138,27.585,145.767,145.767,0,0,1-52.522,14.87c.983-1.771,1.881-3.563,2.842-5.356q30.258-55.68,16.325-100.078c-32.992-25.962-52.778-59.2-52.778-95.4,0-83.1,104.254-150.469,232.846-150.469s232.867,67.373,232.867,150.469C517.854,342.525,413.6,409.9,284.987,409.9Z\"><\/path><\/svg>\t\t\t<\/span>\n\t\t\t\t\t\t\t\t\t<span class=\"elementor-button-text\">+34 613 29 93 14\u00a0<\/span>\n\t\t\t\t\t<\/span>\n\t\t\t\t\t<\/a>\n\t\t\t\t<\/div>\n\t\t\t\t\t\t\t\t<\/div>\n\t\t\t\t<\/div>\n\t\t\t\t<\/div>\n\t\t\t\t<\/div>\n\t\t\t\t<\/div>\n\t\t<div class=\"elementor-element elementor-element-63bedb24 e-con-full e-flex e-con e-child\" data-id=\"63bedb24\" data-element_type=\"container\">\n\t\t\t\t<\/div>\n\t\t\t\t<\/div>\n\t\t\t\t<\/div>\n\t\t\t\t<\/div>\n\t\t\t\t<\/div>\n\t\t\t\t\t<\/div>\n\t\t\t\t<\/div>\n\t\t\t\t\t<\/div>\n\t\t\t\t<\/div>\n\t\t<div class=\"elementor-element elementor-element-3ef29703 e-flex e-con-boxed e-con e-parent\" data-id=\"3ef29703\" data-element_type=\"container\">\n\t\t\t\t\t<div class=\"e-con-inner\">\n\t\t<div class=\"elementor-element elementor-element-4ae8e7ac e-flex e-con-boxed e-con e-child\" data-id=\"4ae8e7ac\" data-element_type=\"container\">\n\t\t\t\t\t<div class=\"e-con-inner\">\n\t\t\t\t<div class=\"elementor-element elementor-element-51b724b5 elementor-widget elementor-widget-heading\" data-id=\"51b724b5\" data-element_type=\"widget\" data-widget_type=\"heading.default\">\n\t\t\t\t<div class=\"elementor-widget-container\">\n\t\t\t\t\t<h2 class=\"elementor-heading-title elementor-size-default\"><h3><b>Accesorios y complementos <\/b><\/br>\n<\/h3><\/h2>\t\t\t\t<\/div>\n\t\t\t\t<\/div>\n\t\t\t\t\t<\/div>\n\t\t\t\t<\/div>\n\t\t\t\t\t<\/div>\n\t\t\t\t<\/div>\n\t\t<div class=\"elementor-element elementor-element-12f986fd e-flex e-con-boxed e-con e-parent\" data-id=\"12f986fd\" data-element_type=\"container\" data-settings=\"{&quot;background_background&quot;:&quot;classic&quot;}\">\n\t\t\t\t\t<div class=\"e-con-inner\">\n\t\t<div class=\"elementor-element elementor-element-487bb95e e-flex e-con-boxed e-con e-child\" data-id=\"487bb95e\" data-element_type=\"container\">\n\t\t\t\t\t<div class=\"e-con-inner\">\n\t\t<div class=\"elementor-element elementor-element-51270008 e-con-full e-flex e-con e-child\" data-id=\"51270008\" data-element_type=\"container\">\n\t\t<div class=\"elementor-element elementor-element-5548cb3e e-con-full e-flex e-con e-child\" data-id=\"5548cb3e\" data-element_type=\"container\">\n\t\t<div class=\"elementor-element elementor-element-3ded11f3 e-con-full e-flex e-con e-child\" data-id=\"3ded11f3\" data-element_type=\"container\">\n\t\t<div class=\"elementor-element elementor-element-59b7cea6 e-con-full e-flex e-con e-child\" data-id=\"59b7cea6\" data-element_type=\"container\">\n\t\t<div class=\"elementor-element elementor-element-6e828205 e-con-full e-flex e-con e-child\" data-id=\"6e828205\" data-element_type=\"container\" data-settings=\"{&quot;background_background&quot;:&quot;classic&quot;}\">\n\t\t<div class=\"elementor-element elementor-element-581938f7 e-con-full e-flex e-con e-child\" data-id=\"581938f7\" data-element_type=\"container\">\n\t\t\t\t<div class=\"elementor-element elementor-element-4a33f32a elementor-hidden-mobile elementor-widget elementor-widget-image\" data-id=\"4a33f32a\" data-element_type=\"widget\" data-widget_type=\"image.default\">\n\t\t\t\t<div class=\"elementor-widget-container\">\n\t\t\t\t\t\t\t\t\t\t\t\t\t\t\t<img decoding=\"async\" src=\"https:\/\/formee.es\/wp-content\/uploads\/elementor\/thumbs\/dalej-r6f1b61hhj5gbdm1dcreae4zf4i4lj2o80xkl64lj4.png\" title=\"dalej.png\" alt=\"dalej.png\" loading=\"lazy\" \/>\t\t\t\t\t\t\t\t\t\t\t\t\t\t\t<\/div>\n\t\t\t\t<\/div>\n\t\t\t\t<\/div>\n\t\t<div class=\"elementor-element elementor-element-2dd3298d e-con-full e-flex e-con e-child\" data-id=\"2dd3298d\" data-element_type=\"container\">\n\t\t\t\t<div class=\"elementor-element elementor-element-3b5b4d21 elementor-widget__width-initial elementor-widget elementor-widget-text-editor\" data-id=\"3b5b4d21\" data-element_type=\"widget\" data-widget_type=\"text-editor.default\">\n\t\t\t\t<div class=\"elementor-widget-container\">\n\t\t\t\t\t\t\t\t\tInstalaciones El\u00e9ctricas &#8211; la alta precisi\u00f3n en la fabricaci\u00f3n de elementos prefabricados permiti\u00f3 &#8222;integrar&#8221; en el elemento de la pared la instalaci\u00f3n el\u00e9ctrica en forma de cajas y tubos para la colocaci\u00f3n de cables el\u00e9ctricos. Los materiales utilizados pertenecen al grupo de productos autoextinguibles, sin emisi\u00f3n de sustancias nocivas.\t\t\t\t\t\t\t\t<\/div>\n\t\t\t\t<\/div>\n\t\t\t\t<\/div>\n\t\t\t\t<\/div>\n\t\t<div class=\"elementor-element elementor-element-642d2613 e-con-full e-flex e-con e-child\" data-id=\"642d2613\" data-element_type=\"container\" data-settings=\"{&quot;background_background&quot;:&quot;classic&quot;}\">\n\t\t<div class=\"elementor-element elementor-element-6ab1b97b e-con-full e-flex e-con e-child\" data-id=\"6ab1b97b\" data-element_type=\"container\">\n\t\t\t\t<div class=\"elementor-element elementor-element-11816bc5 elementor-hidden-mobile elementor-widget elementor-widget-image\" data-id=\"11816bc5\" data-element_type=\"widget\" data-widget_type=\"image.default\">\n\t\t\t\t<div class=\"elementor-widget-container\">\n\t\t\t\t\t\t\t\t\t\t\t\t\t\t\t<img decoding=\"async\" src=\"https:\/\/formee.es\/wp-content\/uploads\/elementor\/thumbs\/dalej-r6f1b61hhj5gbdm1dcreae4zf4i4lj2o80xkl64lj4.png\" title=\"dalej.png\" alt=\"dalej.png\" loading=\"lazy\" \/>\t\t\t\t\t\t\t\t\t\t\t\t\t\t\t<\/div>\n\t\t\t\t<\/div>\n\t\t\t\t<\/div>\n\t\t<div class=\"elementor-element elementor-element-60d261bb e-con-full e-flex e-con e-child\" data-id=\"60d261bb\" data-element_type=\"container\">\n\t\t\t\t<div class=\"elementor-element elementor-element-4839a107 elementor-widget__width-initial elementor-widget elementor-widget-text-editor\" data-id=\"4839a107\" data-element_type=\"widget\" data-widget_type=\"text-editor.default\">\n\t\t\t\t<div class=\"elementor-widget-container\">\n\t\t\t\t\t\t\t\t\tRanuras para la instalaci\u00f3n de agua &#8211; ya al firmar el contrato, solicitamos al cliente que proporcione el proyecto relativo a la instalaci\u00f3n de agua y alcantarillado. En la etapa de trabajo en la oficina de dise\u00f1o, podremos planificar la ubicaci\u00f3n de las conexiones de agua fr\u00eda y caliente para los grifos en los ba\u00f1os y fregaderos en la cocina, o debajo de los gabinetes para la instalaci\u00f3n el\u00e9ctrica.\t\t\t\t\t\t\t\t<\/div>\n\t\t\t\t<\/div>\n\t\t\t\t<\/div>\n\t\t\t\t<\/div>\n\t\t\t\t<\/div>\n\t\t\t\t<\/div>\n\t\t\t\t<\/div>\n\t\t\t\t<\/div>\n\t\t\t\t\t<\/div>\n\t\t\t\t<\/div>\n\t\t\t\t\t<\/div>\n\t\t\t\t<\/div>\n\t\t<div class=\"elementor-element elementor-element-72ec5687 e-flex e-con-boxed e-con e-parent\" data-id=\"72ec5687\" data-element_type=\"container\">\n\t\t\t\t\t<div class=\"e-con-inner\">\n\t\t\t\t\t<\/div>\n\t\t\t\t<\/div>\n\t\t<div class=\"elementor-element elementor-element-5183fa9e e-flex e-con-boxed e-con e-parent\" data-id=\"5183fa9e\" data-element_type=\"container\">\n\t\t\t\t\t<div class=\"e-con-inner\">\n\t\t\t\t\t<\/div>\n\t\t\t\t<\/div>\n\t\t<div class=\"elementor-element elementor-element-9a900e9 e-con-full e-flex e-con e-parent\" data-id=\"9a900e9\" data-element_type=\"container\" data-settings=\"{&quot;background_background&quot;:&quot;classic&quot;}\">\n\t\t<div class=\"elementor-element elementor-element-30ee902 e-grid e-con-boxed e-con e-child\" data-id=\"30ee902\" data-element_type=\"container\">\n\t\t\t\t\t<div class=\"e-con-inner\">\n\t\t\t\t<div class=\"elementor-element elementor-element-197a4cf elementor-widget elementor-widget-image\" data-id=\"197a4cf\" data-element_type=\"widget\" data-widget_type=\"image.default\">\n\t\t\t\t<div class=\"elementor-widget-container\">\n\t\t\t\t\t\t\t\t\t\t\t\t<figure class=\"wp-caption\">\n\t\t\t\t\t\t\t\t\t\t<img fetchpriority=\"high\" decoding=\"async\" width=\"768\" height=\"1024\" src=\"https:\/\/formee.es\/wp-content\/uploads\/2025\/06\/IMG_1401-scaled-1-768x1024.jpg\" class=\"attachment-large size-large wp-image-8265\" alt=\"\" srcset=\"https:\/\/formee.es\/wp-content\/uploads\/2025\/06\/IMG_1401-scaled-1-768x1024.jpg 768w, https:\/\/formee.es\/wp-content\/uploads\/2025\/06\/IMG_1401-scaled-1-225x300.jpg 225w, https:\/\/formee.es\/wp-content\/uploads\/2025\/06\/IMG_1401-scaled-1-1152x1536.jpg 1152w, https:\/\/formee.es\/wp-content\/uploads\/2025\/06\/IMG_1401-scaled-1-1536x2048.jpg 1536w, https:\/\/formee.es\/wp-content\/uploads\/2025\/06\/IMG_1401-scaled-1.jpg 1920w\" sizes=\"(max-width: 768px) 100vw, 768px\" \/>\t\t\t\t\t\t\t\t\t\t\t<figcaption class=\"widget-image-caption wp-caption-text\">TUBOS CORRUGADOS PARA INSTALACI\u00d3N EL\u00c9CTRICA<\/figcaption>\n\t\t\t\t\t\t\t\t\t\t<\/figure>\n\t\t\t\t\t\t\t\t\t<\/div>\n\t\t\t\t<\/div>\n\t\t\t\t<div class=\"elementor-element elementor-element-a6ca58d elementor-widget elementor-widget-image\" data-id=\"a6ca58d\" data-element_type=\"widget\" data-widget_type=\"image.default\">\n\t\t\t\t<div class=\"elementor-widget-container\">\n\t\t\t\t\t\t\t\t\t\t\t\t<figure class=\"wp-caption\">\n\t\t\t\t\t\t\t\t\t\t<img decoding=\"async\" width=\"1920\" height=\"2560\" src=\"https:\/\/formee.es\/wp-content\/uploads\/2025\/06\/IMG_1400-scaled-1.jpg\" class=\"attachment-full size-full wp-image-8266\" alt=\"\" srcset=\"https:\/\/formee.es\/wp-content\/uploads\/2025\/06\/IMG_1400-scaled-1.jpg 1920w, https:\/\/formee.es\/wp-content\/uploads\/2025\/06\/IMG_1400-scaled-1-225x300.jpg 225w, https:\/\/formee.es\/wp-content\/uploads\/2025\/06\/IMG_1400-scaled-1-768x1024.jpg 768w, https:\/\/formee.es\/wp-content\/uploads\/2025\/06\/IMG_1400-scaled-1-1152x1536.jpg 1152w, https:\/\/formee.es\/wp-content\/uploads\/2025\/06\/IMG_1400-scaled-1-1536x2048.jpg 1536w\" sizes=\"(max-width: 1920px) 100vw, 1920px\" \/>\t\t\t\t\t\t\t\t\t\t\t<figcaption class=\"widget-image-caption wp-caption-text\">TUBOS CORRUGADOS PARA INSTALACI\u00d3N EL\u00c9CTRICA<\/figcaption>\n\t\t\t\t\t\t\t\t\t\t<\/figure>\n\t\t\t\t\t\t\t\t\t<\/div>\n\t\t\t\t<\/div>\n\t\t\t\t<div class=\"elementor-element elementor-element-1b1b5a3 elementor-widget elementor-widget-image\" data-id=\"1b1b5a3\" data-element_type=\"widget\" data-widget_type=\"image.default\">\n\t\t\t\t<div class=\"elementor-widget-container\">\n\t\t\t\t\t\t\t\t\t\t\t\t<figure class=\"wp-caption\">\n\t\t\t\t\t\t\t\t\t\t<img decoding=\"async\" width=\"1920\" height=\"2560\" src=\"https:\/\/formee.es\/wp-content\/uploads\/2025\/06\/IMG_1402-scaled-1.jpg\" class=\"attachment-full size-full wp-image-8267\" alt=\"\" srcset=\"https:\/\/formee.es\/wp-content\/uploads\/2025\/06\/IMG_1402-scaled-1.jpg 1920w, https:\/\/formee.es\/wp-content\/uploads\/2025\/06\/IMG_1402-scaled-1-225x300.jpg 225w, https:\/\/formee.es\/wp-content\/uploads\/2025\/06\/IMG_1402-scaled-1-768x1024.jpg 768w, https:\/\/formee.es\/wp-content\/uploads\/2025\/06\/IMG_1402-scaled-1-1152x1536.jpg 1152w, https:\/\/formee.es\/wp-content\/uploads\/2025\/06\/IMG_1402-scaled-1-1536x2048.jpg 1536w\" sizes=\"(max-width: 1920px) 100vw, 1920px\" \/>\t\t\t\t\t\t\t\t\t\t\t<figcaption class=\"widget-image-caption wp-caption-text\">RANURA PARA INSTALACI\u00d3N DE AGUA<\/figcaption>\n\t\t\t\t\t\t\t\t\t\t<\/figure>\n\t\t\t\t\t\t\t\t\t<\/div>\n\t\t\t\t<\/div>\n\t\t\t\t\t<\/div>\n\t\t\t\t<\/div>\n\t\t\t\t<\/div>\n\t\t\t\t<\/div>\n\t\t","protected":false},"excerpt":{"rendered":"<p>Accesorios &#8211; y complementos +34 613 29 93 14\u00a0 Accesorios y complementos Instalaciones El\u00e9ctricas &#8211; la alta precisi\u00f3n en la fabricaci\u00f3n de elementos prefabricados permiti\u00f3 &#8222;integrar&#8221; en el elemento de la pared la instalaci\u00f3n el\u00e9ctrica en forma de cajas y tubos para la colocaci\u00f3n de cables el\u00e9ctricos. Los materiales utilizados pertenecen al grupo de productos [&hellip;]<\/p>\n","protected":false},"author":1,"featured_media":0,"parent":0,"menu_order":0,"comment_status":"closed","ping_status":"closed","template":"","meta":{"footnotes":""},"class_list":["post-8259","page","type-page","status-publish","hentry"],"yoast_head":"<!-- This site is optimized with the Yoast SEO plugin v25.8 - https:\/\/yoast.com\/wordpress\/plugins\/seo\/ -->\n<title>Accesorios y complementos - Formee<\/title>\n<meta name=\"robots\" content=\"index, follow, max-snippet:-1, max-image-preview:large, max-video-preview:-1\" \/>\n<link rel=\"canonical\" href=\"https:\/\/formee.es\/index.php\/accesorios-y-complementos\/\" \/>\n<meta property=\"og:locale\" content=\"pl_PL\" \/>\n<meta property=\"og:type\" content=\"article\" \/>\n<meta property=\"og:title\" content=\"Accesorios y complementos - Formee\" \/>\n<meta property=\"og:description\" content=\"Accesorios &#8211; y complementos +34 613 29 93 14\u00a0 Accesorios y complementos Instalaciones El\u00e9ctricas &#8211; la alta precisi\u00f3n en la fabricaci\u00f3n de elementos prefabricados permiti\u00f3 &#8222;integrar&#8221; en el elemento de la pared la instalaci\u00f3n el\u00e9ctrica en forma de cajas y tubos para la colocaci\u00f3n de cables el\u00e9ctricos. Los materiales utilizados pertenecen al grupo de productos [&hellip;]\" \/>\n<meta property=\"og:url\" content=\"https:\/\/formee.es\/index.php\/accesorios-y-complementos\/\" \/>\n<meta property=\"og:site_name\" content=\"Formee\" \/>\n<meta property=\"article:modified_time\" content=\"2025-08-28T11:01:58+00:00\" \/>\n<meta property=\"og:image\" content=\"https:\/\/formee.es\/wp-content\/uploads\/elementor\/thumbs\/dalej-r6f1b61hhj5gbdm1dcreae4zf4i4lj2o80xkl64lj4.png\" \/>\n<meta name=\"twitter:card\" content=\"summary_large_image\" \/>\n<meta name=\"twitter:label1\" content=\"Szacowany czas czytania\" \/>\n\t<meta name=\"twitter:data1\" content=\"2 minuty\" \/>\n<script type=\"application\/ld+json\" class=\"yoast-schema-graph\">{\"@context\":\"https:\/\/schema.org\",\"@graph\":[{\"@type\":\"WebPage\",\"@id\":\"https:\/\/formee.es\/index.php\/accesorios-y-complementos\/\",\"url\":\"https:\/\/formee.es\/index.php\/accesorios-y-complementos\/\",\"name\":\"Accesorios y complementos - Formee\",\"isPartOf\":{\"@id\":\"https:\/\/formee.es\/#website\"},\"primaryImageOfPage\":{\"@id\":\"https:\/\/formee.es\/index.php\/accesorios-y-complementos\/#primaryimage\"},\"image\":{\"@id\":\"https:\/\/formee.es\/index.php\/accesorios-y-complementos\/#primaryimage\"},\"thumbnailUrl\":\"https:\/\/formee.es\/wp-content\/uploads\/elementor\/thumbs\/dalej-r6f1b61hhj5gbdm1dcreae4zf4i4lj2o80xkl64lj4.png\",\"datePublished\":\"2025-06-04T06:31:20+00:00\",\"dateModified\":\"2025-08-28T11:01:58+00:00\",\"breadcrumb\":{\"@id\":\"https:\/\/formee.es\/index.php\/accesorios-y-complementos\/#breadcrumb\"},\"inLanguage\":\"pl-PL\",\"potentialAction\":[{\"@type\":\"ReadAction\",\"target\":[\"https:\/\/formee.es\/index.php\/accesorios-y-complementos\/\"]}]},{\"@type\":\"ImageObject\",\"inLanguage\":\"pl-PL\",\"@id\":\"https:\/\/formee.es\/index.php\/accesorios-y-complementos\/#primaryimage\",\"url\":\"https:\/\/formee.es\/wp-content\/uploads\/elementor\/thumbs\/dalej-r6f1b61hhj5gbdm1dcreae4zf4i4lj2o80xkl64lj4.png\",\"contentUrl\":\"https:\/\/formee.es\/wp-content\/uploads\/elementor\/thumbs\/dalej-r6f1b61hhj5gbdm1dcreae4zf4i4lj2o80xkl64lj4.png\"},{\"@type\":\"BreadcrumbList\",\"@id\":\"https:\/\/formee.es\/index.php\/accesorios-y-complementos\/#breadcrumb\",\"itemListElement\":[{\"@type\":\"ListItem\",\"position\":1,\"name\":\"Strona g\u0142\u00f3wna\",\"item\":\"https:\/\/formee.es\/\"},{\"@type\":\"ListItem\",\"position\":2,\"name\":\"Accesorios y complementos\"}]},{\"@type\":\"WebSite\",\"@id\":\"https:\/\/formee.es\/#website\",\"url\":\"https:\/\/formee.es\/\",\"name\":\"Formee\",\"description\":\"\",\"publisher\":{\"@id\":\"https:\/\/formee.es\/#organization\"},\"potentialAction\":[{\"@type\":\"SearchAction\",\"target\":{\"@type\":\"EntryPoint\",\"urlTemplate\":\"https:\/\/formee.es\/?s={search_term_string}\"},\"query-input\":{\"@type\":\"PropertyValueSpecification\",\"valueRequired\":true,\"valueName\":\"search_term_string\"}}],\"inLanguage\":\"pl-PL\"},{\"@type\":\"Organization\",\"@id\":\"https:\/\/formee.es\/#organization\",\"name\":\"Formee\",\"url\":\"https:\/\/formee.es\/\",\"logo\":{\"@type\":\"ImageObject\",\"inLanguage\":\"pl-PL\",\"@id\":\"https:\/\/formee.es\/#\/schema\/logo\/image\/\",\"url\":\"https:\/\/formee.es\/wp-content\/uploads\/2025\/05\/FORMEE_LOGOTYPE_RGB_FORMEE_signet.png\",\"contentUrl\":\"https:\/\/formee.es\/wp-content\/uploads\/2025\/05\/FORMEE_LOGOTYPE_RGB_FORMEE_signet.png\",\"width\":1178,\"height\":1156,\"caption\":\"Formee\"},\"image\":{\"@id\":\"https:\/\/formee.es\/#\/schema\/logo\/image\/\"}}]}<\/script>\n<!-- \/ Yoast SEO plugin. -->","yoast_head_json":{"title":"Accesorios y complementos - Formee","robots":{"index":"index","follow":"follow","max-snippet":"max-snippet:-1","max-image-preview":"max-image-preview:large","max-video-preview":"max-video-preview:-1"},"canonical":"https:\/\/formee.es\/index.php\/accesorios-y-complementos\/","og_locale":"pl_PL","og_type":"article","og_title":"Accesorios y complementos - Formee","og_description":"Accesorios &#8211; y complementos +34 613 29 93 14\u00a0 Accesorios y complementos Instalaciones El\u00e9ctricas &#8211; la alta precisi\u00f3n en la fabricaci\u00f3n de elementos prefabricados permiti\u00f3 &#8222;integrar&#8221; en el elemento de la pared la instalaci\u00f3n el\u00e9ctrica en forma de cajas y tubos para la colocaci\u00f3n de cables el\u00e9ctricos. Los materiales utilizados pertenecen al grupo de productos [&hellip;]","og_url":"https:\/\/formee.es\/index.php\/accesorios-y-complementos\/","og_site_name":"Formee","article_modified_time":"2025-08-28T11:01:58+00:00","og_image":[{"url":"https:\/\/formee.es\/wp-content\/uploads\/elementor\/thumbs\/dalej-r6f1b61hhj5gbdm1dcreae4zf4i4lj2o80xkl64lj4.png","type":"","width":"","height":""}],"twitter_card":"summary_large_image","twitter_misc":{"Szacowany czas czytania":"2 minuty"},"schema":{"@context":"https:\/\/schema.org","@graph":[{"@type":"WebPage","@id":"https:\/\/formee.es\/index.php\/accesorios-y-complementos\/","url":"https:\/\/formee.es\/index.php\/accesorios-y-complementos\/","name":"Accesorios y complementos - Formee","isPartOf":{"@id":"https:\/\/formee.es\/#website"},"primaryImageOfPage":{"@id":"https:\/\/formee.es\/index.php\/accesorios-y-complementos\/#primaryimage"},"image":{"@id":"https:\/\/formee.es\/index.php\/accesorios-y-complementos\/#primaryimage"},"thumbnailUrl":"https:\/\/formee.es\/wp-content\/uploads\/elementor\/thumbs\/dalej-r6f1b61hhj5gbdm1dcreae4zf4i4lj2o80xkl64lj4.png","datePublished":"2025-06-04T06:31:20+00:00","dateModified":"2025-08-28T11:01:58+00:00","breadcrumb":{"@id":"https:\/\/formee.es\/index.php\/accesorios-y-complementos\/#breadcrumb"},"inLanguage":"pl-PL","potentialAction":[{"@type":"ReadAction","target":["https:\/\/formee.es\/index.php\/accesorios-y-complementos\/"]}]},{"@type":"ImageObject","inLanguage":"pl-PL","@id":"https:\/\/formee.es\/index.php\/accesorios-y-complementos\/#primaryimage","url":"https:\/\/formee.es\/wp-content\/uploads\/elementor\/thumbs\/dalej-r6f1b61hhj5gbdm1dcreae4zf4i4lj2o80xkl64lj4.png","contentUrl":"https:\/\/formee.es\/wp-content\/uploads\/elementor\/thumbs\/dalej-r6f1b61hhj5gbdm1dcreae4zf4i4lj2o80xkl64lj4.png"},{"@type":"BreadcrumbList","@id":"https:\/\/formee.es\/index.php\/accesorios-y-complementos\/#breadcrumb","itemListElement":[{"@type":"ListItem","position":1,"name":"Strona g\u0142\u00f3wna","item":"https:\/\/formee.es\/"},{"@type":"ListItem","position":2,"name":"Accesorios y complementos"}]},{"@type":"WebSite","@id":"https:\/\/formee.es\/#website","url":"https:\/\/formee.es\/","name":"Formee","description":"","publisher":{"@id":"https:\/\/formee.es\/#organization"},"potentialAction":[{"@type":"SearchAction","target":{"@type":"EntryPoint","urlTemplate":"https:\/\/formee.es\/?s={search_term_string}"},"query-input":{"@type":"PropertyValueSpecification","valueRequired":true,"valueName":"search_term_string"}}],"inLanguage":"pl-PL"},{"@type":"Organization","@id":"https:\/\/formee.es\/#organization","name":"Formee","url":"https:\/\/formee.es\/","logo":{"@type":"ImageObject","inLanguage":"pl-PL","@id":"https:\/\/formee.es\/#\/schema\/logo\/image\/","url":"https:\/\/formee.es\/wp-content\/uploads\/2025\/05\/FORMEE_LOGOTYPE_RGB_FORMEE_signet.png","contentUrl":"https:\/\/formee.es\/wp-content\/uploads\/2025\/05\/FORMEE_LOGOTYPE_RGB_FORMEE_signet.png","width":1178,"height":1156,"caption":"Formee"},"image":{"@id":"https:\/\/formee.es\/#\/schema\/logo\/image\/"}}]}},"_links":{"self":[{"href":"https:\/\/formee.es\/index.php\/wp-json\/wp\/v2\/pages\/8259","targetHints":{"allow":["GET"]}}],"collection":[{"href":"https:\/\/formee.es\/index.php\/wp-json\/wp\/v2\/pages"}],"about":[{"href":"https:\/\/formee.es\/index.php\/wp-json\/wp\/v2\/types\/page"}],"author":[{"embeddable":true,"href":"https:\/\/formee.es\/index.php\/wp-json\/wp\/v2\/users\/1"}],"replies":[{"embeddable":true,"href":"https:\/\/formee.es\/index.php\/wp-json\/wp\/v2\/comments?post=8259"}],"version-history":[{"count":11,"href":"https:\/\/formee.es\/index.php\/wp-json\/wp\/v2\/pages\/8259\/revisions"}],"predecessor-version":[{"id":8565,"href":"https:\/\/formee.es\/index.php\/wp-json\/wp\/v2\/pages\/8259\/revisions\/8565"}],"wp:attachment":[{"href":"https:\/\/formee.es\/index.php\/wp-json\/wp\/v2\/media?parent=8259"}],"curies":[{"name":"wp","href":"https:\/\/api.w.org\/{rel}","templated":true}]}}